{"id":2953,"date":"2024-02-28T15:54:57","date_gmt":"2024-02-28T14:54:57","guid":{"rendered":"https:\/\/hank.brussels\/a-propos-de-hank-savons-artisanaux-et-articles-menagers-de-bruxelles\/"},"modified":"2026-01-14T15:58:16","modified_gmt":"2026-01-14T14:58:16","slug":"hank-deco-savon-bruxelles","status":"publish","type":"page","link":"https:\/\/hank.brussels\/fr\/hank-deco-savon-bruxelles\/","title":{"rendered":"\u00c0 propos de HANK &#8211; Savons artisanaux et Objets tendances fabriqu\u00e9s \u00e0 Bruxelles."},"content":{"rendered":"\t\t<div data-elementor-type=\"wp-page\" data-elementor-id=\"2953\" class=\"elementor elementor-2953 elementor-2002\" data-elementor-post-type=\"page\">\n\t\t\t\t<div class=\"elementor-element elementor-element-ec4ad0a e-flex e-con-boxed e-con e-parent\" data-id=\"ec4ad0a\" data-element_type=\"container\" data-e-type=\"container\">\n\t\t\t\t\t<div class=\"e-con-inner\">\n\t\t\t\t<div class=\"elementor-element elementor-element-7f3ead7 elementor-widget elementor-widget-et_menu_list\" data-id=\"7f3ead7\" data-element_type=\"widget\" data-e-type=\"widget\" data-widget_type=\"et_menu_list.default\">\n\t\t\t\t<div class=\"elementor-widget-container\">\n\t\t\t\t\t        \n        <ul class=\"et-menu-list  menu-list-8097 text-left\">\n    \n            <li class=\"menu-item menu-item-object-page menu-item-has-children menu-parent-item menu-item-630\">\n\n    \t    \n        \t        \t\t<div class=\"menu-sublist\"><ul>\n            <li class=\"menu-item current-menu-item menu-item-3391\">\n\n            \n                <div class=\"subitem-title-holder    elementor-repeater-item-f9769cb\">\n\n                    <a class=\"menu-title et-column-title  \" href=\"https:\/\/hank.brussels\/fr\/hank-deco-savon-bruxelles\/\" target=\"_self\" title=\"\u00c0 propos de Hank\" > \n\n                    <h2>\u00c0 propos de Hank<\/h2>\n                    <\/a>\n\n                <\/div> \n            \n            <\/li>\n\n        \n            <li class=\"menu-item  menu-item-8213\">\n\n            \n                <div class=\"subitem-title-holder    elementor-repeater-item-4416650\">\n\n                    <a class=\"menu-title et-column-title  \" href=\"https:\/\/hank.brussels\/fr\/lengagement-ecologique-de-hank\/\" target=\"_self\" title=\"\u00c9thique et durabilit\u00e9\" > \n\n                    <h3>\u00c9thique et durabilit\u00e9<\/h3>\n                    <\/a>\n\n                <\/div> \n            \n            <\/li>\n\n        \n            <li class=\"menu-item  menu-item-8109\">\n\n            \n                <div class=\"subitem-title-holder    elementor-repeater-item-dae42ac\">\n\n                    <a class=\"menu-title et-column-title  \" href=\"https:\/\/hank.brussels\/page-d-exemple\/\" target=\"_self\" title=\"Ingr\u00e9dients &amp; Mat\u00e9riaux\" > \n\n                    <h3>Ingr\u00e9dients &amp; Mat\u00e9riaux<\/h3>\n                    <\/a>\n\n                <\/div> \n            \n            <\/li>\n\n        <\/ul><\/div>\n        \t\n            <\/li>\n\n        <\/ul>\n\n        \t\t\t\t<\/div>\n\t\t\t\t<\/div>\n\t\t\t\t\t<\/div>\n\t\t\t\t<\/div>\n\t\t<div class=\"elementor-element elementor-element-39bc8c7b e-con-full e-flex e-con e-parent\" data-id=\"39bc8c7b\" data-element_type=\"container\" data-e-type=\"container\" data-settings=\"{&quot;background_background&quot;:&quot;classic&quot;}\">\n\t\t<div class=\"elementor-element elementor-element-342c9857 e-con-full e-flex e-con e-child\" data-id=\"342c9857\" data-element_type=\"container\" data-e-type=\"container\">\n\t\t\t\t<div class=\"elementor-element elementor-element-155e0804 elementor-widget__width-initial elementor-widget-tablet__width-inherit elementor-widget elementor-widget-heading\" data-id=\"155e0804\" data-element_type=\"widget\" data-e-type=\"widget\" data-widget_type=\"heading.default\">\n\t\t\t\t<div class=\"elementor-widget-container\">\n\t\t\t\t\t<h2 class=\"elementor-heading-title elementor-size-default\">\u00c0 propos de Hank<\/h2>\t\t\t\t<\/div>\n\t\t\t\t<\/div>\n\t\t\t\t<div class=\"elementor-element elementor-element-65a33a17 elementor-widget__width-initial elementor-widget-tablet__width-inherit elementor-widget elementor-widget-text-editor\" data-id=\"65a33a17\" data-element_type=\"widget\" data-e-type=\"widget\" data-widget_type=\"text-editor.default\">\n\t\t\t\t<div class=\"elementor-widget-container\">\n\t\t\t\t\t\t\t\t\t<p data-start=\"251\" data-end=\"455\"><strong data-start=\"251\" data-end=\"453\">Hank Brussels est une marque belge de savons et d\u2019objets premium, allant des soins du quotidien \u00e0 des pi\u00e8ces plus expressives, fabriqu\u00e9s en petites s\u00e9ries avec une attention particuli\u00e8re port\u00e9e \u00e0 la forme, aux mat\u00e9riaux et \u00e0 une production consciente.<\/strong><\/p><p data-start=\"462\" data-end=\"758\">Pens\u00e9 par deux designers, Hank aborde la fabrication du savon \u00e0 la fois comme un savoir-faire et comme une pratique de design. Chaque produit est d\u00e9velopp\u00e9 comme un objet d\u2019usage, o\u00f9 formulation, texture, parfum et packaging sont pens\u00e9s ensemble, avec la m\u00eame exigence que pour un projet de design produit ou \u00e9ditorial. <\/p><p data-start=\"765\" data-end=\"935\">Le savon demeure le point d\u2019ancrage de la marque. Autour de lui, Hank con\u00e7oit des objets pour le corps et la maison, envisag\u00e9s comme des extensions naturelles plut\u00f4t que comme des cat\u00e9gories ind\u00e9pendantes. <\/p><p data-start=\"942\" data-end=\"1207\">En parall\u00e8le, les \u00e9ditions limit\u00e9es permettent \u00e0 la marque d\u2019explorer des territoires plus expressifs. Libres dans leur forme, leur \u00e9chelle ou leur fonction, ces pi\u00e8ces constituent un espace d\u2019exploration et d\u2019exp\u00e9rimentation, tout en restant ancr\u00e9es dans le m\u00eame niveau de qualit\u00e9, d\u2019intention et de retenue. <\/p>\t\t\t\t\t\t\t\t<\/div>\n\t\t\t\t<\/div>\n\t\t\t\t<\/div>\n\t\t\t\t<\/div>\n\t\t<div class=\"elementor-element elementor-element-1dceb3d4 e-con-full e-flex e-con e-parent\" data-id=\"1dceb3d4\" data-element_type=\"container\" data-e-type=\"container\" data-settings=\"{&quot;background_background&quot;:&quot;gradient&quot;}\">\n\t\t<div class=\"elementor-element elementor-element-bcedd6c e-con-full e-flex e-con e-child\" data-id=\"bcedd6c\" data-element_type=\"container\" data-e-type=\"container\">\n\t\t\t\t<div class=\"elementor-element elementor-element-409b55ee elementor-widget elementor-widget-heading\" data-id=\"409b55ee\" data-element_type=\"widget\" data-e-type=\"widget\" data-widget_type=\"heading.default\">\n\t\t\t\t<div class=\"elementor-widget-container\">\n\t\t\t\t\t<h2 class=\"elementor-heading-title elementor-size-default\">Qui est Hank ?<\/h2>\t\t\t\t<\/div>\n\t\t\t\t<\/div>\n\t\t\t\t<div class=\"elementor-element elementor-element-21fa98bb elementor-invisible elementor-widget elementor-widget-text-editor\" data-id=\"21fa98bb\" data-element_type=\"widget\" data-e-type=\"widget\" data-settings=\"{&quot;_animation&quot;:&quot;fadeInUp&quot;}\" data-widget_type=\"text-editor.default\">\n\t\t\t\t<div class=\"elementor-widget-container\">\n\t\t\t\t\t\t\t\t\t<div style=\"display: flex; gap: 30px;\"><div style=\"flex: 3; text-align: left;\"><p style=\"caret-color: #000000; color: #000000;\" data-start=\"746\" data-end=\"814\"><strong data-start=\"746\" data-end=\"812\">Hank est port\u00e9 par Charlyne Vangansbeck et Quentin Van Brusselen.<\/strong><\/p><p style=\"caret-color: #000000; color: #000000;\" data-start=\"821\" data-end=\"1027\">Bas\u00e9s \u00e0 Bruxelles, nous travaillons \u00e0 la crois\u00e9e du design, des objets et des usages du quotidien. Hank rassemble notre int\u00e9r\u00eat commun pour le soin, la mat\u00e9rialit\u00e9 et l\u2019univers domestique, abord\u00e9s \u00e0 travers un regard de designers. <\/p><p style=\"caret-color: #000000; color: #000000;\" data-start=\"1034\" data-end=\"1214\">Le nom Hank d\u00e9rive de Henri, un ancien pr\u00e9nom d\u2019origine germanique associ\u00e9 au foyer et \u00e0 la vie domestique. Une r\u00e9f\u00e9rence aux rituels du quotidien et aux objets qui les fa\u00e7onnent discr\u00e8tement. <\/p><p style=\"caret-color: #000000; color: #000000;\" data-start=\"1221\" data-end=\"1438\">Issus du graphisme et de la direction artistique, nous concevons Hank comme une marque guid\u00e9e par le design, o\u00f9 le savon constitue le socle et o\u00f9 les objets pour le corps et la maison prolongent cette approche \u00e0 travers la forme, les mat\u00e9riaux et l\u2019usage.<\/p><\/div><\/div>\t\t\t\t\t\t\t\t<\/div>\n\t\t\t\t<\/div>\n\t\t\t\t<\/div>\n\t\t<div class=\"elementor-element elementor-element-7f33bcf5 e-con-full e-flex e-con e-child\" data-id=\"7f33bcf5\" data-element_type=\"container\" data-e-type=\"container\">\n\t\t\t\t<\/div>\n\t\t\t\t<\/div>\n\t\t\t\t<\/div>\n\t\t","protected":false},"excerpt":{"rendered":"<p>\u00c0 propos de Hank \u00c9thique et durabilit\u00e9 Ingr\u00e9dients &amp; Mat\u00e9riaux \u00c0 propos de Hank Hank Brussels est une marque belge de savons et d\u2019objets premium,&#8230;<\/p>\n","protected":false},"author":1,"featured_media":0,"parent":0,"menu_order":0,"comment_status":"closed","ping_status":"closed","template":"","meta":{"footnotes":""},"class_list":["post-2953","page","type-page","status-publish","hentry"],"yoast_head":"<!-- This site is optimized with the Yoast SEO Premium plugin v27.3 (Yoast SEO v27.3) - https:\/\/yoast.com\/product\/yoast-seo-premium-wordpress\/ -->\n<title>D\u00e9couvrez Hank - D\u00e9co et savons uniques faits main \u00e0 Bruxelles<\/title>\n<meta name=\"description\" content=\"D\u00e9couvrez davantage sur HANK - Savons artisanaux et articles m\u00e9nagers de Bruxelles. Explorez nos objets uniques, savons biologiques et bougies v\u00e9g\u00e9tales fabriqu\u00e9es \u00e0 la main.\" \/>\n<meta name=\"robots\" content=\"index, follow, max-snippet:-1, max-image-preview:large, max-video-preview:-1\" \/>\n<link rel=\"canonical\" href=\"https:\/\/hank.brussels\/fr\/hank-deco-savon-bruxelles\/\" \/>\n<meta property=\"og:locale\" content=\"fr_FR\" \/>\n<meta property=\"og:type\" content=\"article\" \/>\n<meta property=\"og:title\" content=\"\u00c0 propos de HANK - Savons artisanaux et Objets tendances fabriqu\u00e9s \u00e0 Bruxelles.\" \/>\n<meta property=\"og:description\" content=\"D\u00e9couvrez davantage sur HANK - Savons artisanaux et articles m\u00e9nagers de Bruxelles. Explorez nos objets uniques, savons biologiques et bougies v\u00e9g\u00e9tales fabriqu\u00e9es \u00e0 la main.\" \/>\n<meta property=\"og:url\" content=\"https:\/\/hank.brussels\/fr\/hank-deco-savon-bruxelles\/\" \/>\n<meta property=\"og:site_name\" content=\"Hank Brussels\" \/>\n<meta property=\"article:publisher\" content=\"https:\/\/www.facebook.com\/HankBrssls\/\" \/>\n<meta property=\"article:modified_time\" content=\"2026-01-14T14:58:16+00:00\" \/>\n<meta name=\"twitter:card\" content=\"summary_large_image\" \/>\n<script type=\"application\/ld+json\" class=\"yoast-schema-graph\">{\"@context\":\"https:\\\/\\\/schema.org\",\"@graph\":[{\"@type\":\"WebPage\",\"@id\":\"https:\\\/\\\/hank.brussels\\\/fr\\\/hank-deco-savon-bruxelles\\\/\",\"url\":\"https:\\\/\\\/hank.brussels\\\/fr\\\/hank-deco-savon-bruxelles\\\/\",\"name\":\"D\u00e9couvrez Hank - D\u00e9co et savons uniques faits main \u00e0 Bruxelles\",\"isPartOf\":{\"@id\":\"https:\\\/\\\/hank.brussels\\\/fr\\\/#website\"},\"datePublished\":\"2024-02-28T14:54:57+00:00\",\"dateModified\":\"2026-01-14T14:58:16+00:00\",\"description\":\"D\u00e9couvrez davantage sur HANK - Savons artisanaux et articles m\u00e9nagers de Bruxelles. Explorez nos objets uniques, savons biologiques et bougies v\u00e9g\u00e9tales fabriqu\u00e9es \u00e0 la main.\",\"breadcrumb\":{\"@id\":\"https:\\\/\\\/hank.brussels\\\/fr\\\/hank-deco-savon-bruxelles\\\/#breadcrumb\"},\"inLanguage\":\"fr-FR\",\"potentialAction\":[{\"@type\":\"ReadAction\",\"target\":[\"https:\\\/\\\/hank.brussels\\\/fr\\\/hank-deco-savon-bruxelles\\\/\"]}]},{\"@type\":\"BreadcrumbList\",\"@id\":\"https:\\\/\\\/hank.brussels\\\/fr\\\/hank-deco-savon-bruxelles\\\/#breadcrumb\",\"itemListElement\":[{\"@type\":\"ListItem\",\"position\":1,\"name\":\"Accueil\",\"item\":\"https:\\\/\\\/hank.brussels\\\/fr\\\/\"},{\"@type\":\"ListItem\",\"position\":2,\"name\":\"\u00c0 propos de HANK &#8211; Savons artisanaux et Objets tendances fabriqu\u00e9s \u00e0 Bruxelles.\"}]},{\"@type\":\"WebSite\",\"@id\":\"https:\\\/\\\/hank.brussels\\\/fr\\\/#website\",\"url\":\"https:\\\/\\\/hank.brussels\\\/fr\\\/\",\"name\":\"Hank Brussels\",\"description\":\"Clean Skin. Dirty Mind. Since 2021.\",\"publisher\":{\"@id\":\"https:\\\/\\\/hank.brussels\\\/fr\\\/#organization\"},\"alternateName\":\"Hank\",\"potentialAction\":[{\"@type\":\"SearchAction\",\"target\":{\"@type\":\"EntryPoint\",\"urlTemplate\":\"https:\\\/\\\/hank.brussels\\\/fr\\\/?s={search_term_string}\"},\"query-input\":{\"@type\":\"PropertyValueSpecification\",\"valueRequired\":true,\"valueName\":\"search_term_string\"}}],\"inLanguage\":\"fr-FR\"},{\"@type\":\"Organization\",\"@id\":\"https:\\\/\\\/hank.brussels\\\/fr\\\/#organization\",\"name\":\"Hank Studio SNC\",\"alternateName\":\"Hank\",\"url\":\"https:\\\/\\\/hank.brussels\\\/fr\\\/\",\"logo\":{\"@type\":\"ImageObject\",\"inLanguage\":\"fr-FR\",\"@id\":\"https:\\\/\\\/hank.brussels\\\/fr\\\/#\\\/schema\\\/logo\\\/image\\\/\",\"url\":\"https:\\\/\\\/hank.brussels\\\/wp-content\\\/uploads\\\/2023\\\/10\\\/Fichier-4.svg\",\"contentUrl\":\"https:\\\/\\\/hank.brussels\\\/wp-content\\\/uploads\\\/2023\\\/10\\\/Fichier-4.svg\",\"width\":295,\"height\":295,\"caption\":\"Hank Studio SNC\"},\"image\":{\"@id\":\"https:\\\/\\\/hank.brussels\\\/fr\\\/#\\\/schema\\\/logo\\\/image\\\/\"},\"sameAs\":[\"https:\\\/\\\/www.facebook.com\\\/HankBrssls\\\/\",\"https:\\\/\\\/www.instagram.com\\\/hank.brussels\\\/\"],\"description\":\"Hank is a creative studio and brand based in Brussels. We offer eco-friendly et thoughtful objects for your everyday life.\",\"email\":\"hello@hank.brussels\",\"telephone\":\"+32 488 24 68 58\",\"legalName\":\"Hank Studio SNC\",\"foundingDate\":\"2021-05-21\",\"vatID\":\"BE0768986306\",\"taxID\":\"0768986306\",\"numberOfEmployees\":{\"@type\":\"QuantitativeValue\",\"minValue\":\"1\",\"maxValue\":\"10\"}}]}<\/script>\n<!-- \/ Yoast SEO Premium plugin. -->","yoast_head_json":{"title":"D\u00e9couvrez Hank - D\u00e9co et savons uniques faits main \u00e0 Bruxelles","description":"D\u00e9couvrez davantage sur HANK - Savons artisanaux et articles m\u00e9nagers de Bruxelles. Explorez nos objets uniques, savons biologiques et bougies v\u00e9g\u00e9tales fabriqu\u00e9es \u00e0 la main.","robots":{"index":"index","follow":"follow","max-snippet":"max-snippet:-1","max-image-preview":"max-image-preview:large","max-video-preview":"max-video-preview:-1"},"canonical":"https:\/\/hank.brussels\/fr\/hank-deco-savon-bruxelles\/","og_locale":"fr_FR","og_type":"article","og_title":"\u00c0 propos de HANK - Savons artisanaux et Objets tendances fabriqu\u00e9s \u00e0 Bruxelles.","og_description":"D\u00e9couvrez davantage sur HANK - Savons artisanaux et articles m\u00e9nagers de Bruxelles. Explorez nos objets uniques, savons biologiques et bougies v\u00e9g\u00e9tales fabriqu\u00e9es \u00e0 la main.","og_url":"https:\/\/hank.brussels\/fr\/hank-deco-savon-bruxelles\/","og_site_name":"Hank Brussels","article_publisher":"https:\/\/www.facebook.com\/HankBrssls\/","article_modified_time":"2026-01-14T14:58:16+00:00","twitter_card":"summary_large_image","schema":{"@context":"https:\/\/schema.org","@graph":[{"@type":"WebPage","@id":"https:\/\/hank.brussels\/fr\/hank-deco-savon-bruxelles\/","url":"https:\/\/hank.brussels\/fr\/hank-deco-savon-bruxelles\/","name":"D\u00e9couvrez Hank - D\u00e9co et savons uniques faits main \u00e0 Bruxelles","isPartOf":{"@id":"https:\/\/hank.brussels\/fr\/#website"},"datePublished":"2024-02-28T14:54:57+00:00","dateModified":"2026-01-14T14:58:16+00:00","description":"D\u00e9couvrez davantage sur HANK - Savons artisanaux et articles m\u00e9nagers de Bruxelles. Explorez nos objets uniques, savons biologiques et bougies v\u00e9g\u00e9tales fabriqu\u00e9es \u00e0 la main.","breadcrumb":{"@id":"https:\/\/hank.brussels\/fr\/hank-deco-savon-bruxelles\/#breadcrumb"},"inLanguage":"fr-FR","potentialAction":[{"@type":"ReadAction","target":["https:\/\/hank.brussels\/fr\/hank-deco-savon-bruxelles\/"]}]},{"@type":"BreadcrumbList","@id":"https:\/\/hank.brussels\/fr\/hank-deco-savon-bruxelles\/#breadcrumb","itemListElement":[{"@type":"ListItem","position":1,"name":"Accueil","item":"https:\/\/hank.brussels\/fr\/"},{"@type":"ListItem","position":2,"name":"\u00c0 propos de HANK &#8211; Savons artisanaux et Objets tendances fabriqu\u00e9s \u00e0 Bruxelles."}]},{"@type":"WebSite","@id":"https:\/\/hank.brussels\/fr\/#website","url":"https:\/\/hank.brussels\/fr\/","name":"Hank Brussels","description":"Clean Skin. Dirty Mind. Since 2021.","publisher":{"@id":"https:\/\/hank.brussels\/fr\/#organization"},"alternateName":"Hank","potentialAction":[{"@type":"SearchAction","target":{"@type":"EntryPoint","urlTemplate":"https:\/\/hank.brussels\/fr\/?s={search_term_string}"},"query-input":{"@type":"PropertyValueSpecification","valueRequired":true,"valueName":"search_term_string"}}],"inLanguage":"fr-FR"},{"@type":"Organization","@id":"https:\/\/hank.brussels\/fr\/#organization","name":"Hank Studio SNC","alternateName":"Hank","url":"https:\/\/hank.brussels\/fr\/","logo":{"@type":"ImageObject","inLanguage":"fr-FR","@id":"https:\/\/hank.brussels\/fr\/#\/schema\/logo\/image\/","url":"https:\/\/hank.brussels\/wp-content\/uploads\/2023\/10\/Fichier-4.svg","contentUrl":"https:\/\/hank.brussels\/wp-content\/uploads\/2023\/10\/Fichier-4.svg","width":295,"height":295,"caption":"Hank Studio SNC"},"image":{"@id":"https:\/\/hank.brussels\/fr\/#\/schema\/logo\/image\/"},"sameAs":["https:\/\/www.facebook.com\/HankBrssls\/","https:\/\/www.instagram.com\/hank.brussels\/"],"description":"Hank is a creative studio and brand based in Brussels. We offer eco-friendly et thoughtful objects for your everyday life.","email":"hello@hank.brussels","telephone":"+32 488 24 68 58","legalName":"Hank Studio SNC","foundingDate":"2021-05-21","vatID":"BE0768986306","taxID":"0768986306","numberOfEmployees":{"@type":"QuantitativeValue","minValue":"1","maxValue":"10"}}]}},"_links":{"self":[{"href":"https:\/\/hank.brussels\/fr\/wp-json\/wp\/v2\/pages\/2953","targetHints":{"allow":["GET"]}}],"collection":[{"href":"https:\/\/hank.brussels\/fr\/wp-json\/wp\/v2\/pages"}],"about":[{"href":"https:\/\/hank.brussels\/fr\/wp-json\/wp\/v2\/types\/page"}],"author":[{"embeddable":true,"href":"https:\/\/hank.brussels\/fr\/wp-json\/wp\/v2\/users\/1"}],"replies":[{"embeddable":true,"href":"https:\/\/hank.brussels\/fr\/wp-json\/wp\/v2\/comments?post=2953"}],"version-history":[{"count":0,"href":"https:\/\/hank.brussels\/fr\/wp-json\/wp\/v2\/pages\/2953\/revisions"}],"wp:attachment":[{"href":"https:\/\/hank.brussels\/fr\/wp-json\/wp\/v2\/media?parent=2953"}],"curies":[{"name":"wp","href":"https:\/\/api.w.org\/{rel}","templated":true}]}}