{"id":2958,"date":"2024-02-28T16:12:23","date_gmt":"2024-02-28T15:12:23","guid":{"rendered":"https:\/\/hank.brussels\/connectez-vous-avec-hank-partagez-vos-idees-et-reflexions\/"},"modified":"2025-12-19T13:31:17","modified_gmt":"2025-12-19T12:31:17","slug":"connectez-vous-avec-hank-partagez-vos-idees-et-reflexions","status":"publish","type":"page","link":"https:\/\/hank.brussels\/fr\/connectez-vous-avec-hank-partagez-vos-idees-et-reflexions\/","title":{"rendered":"\u00ab\u00a0Connectez-vous avec Hank &#8211; Partagez vos id\u00e9es et r\u00e9flexions.\u00a0\u00bb"},"content":{"rendered":"\t\t<div data-elementor-type=\"wp-page\" data-elementor-id=\"2958\" class=\"elementor elementor-2958 elementor-20\" data-elementor-post-type=\"page\">\n\t\t\t\t<div class=\"elementor-element elementor-element-7e777d80 e-con-full e-flex e-con e-parent\" data-id=\"7e777d80\" data-element_type=\"container\" data-e-type=\"container\" data-settings=\"{&quot;background_background&quot;:&quot;gradient&quot;}\">\n\t\t<div class=\"elementor-element elementor-element-3049efd e-con-full e-flex e-con e-child\" data-id=\"3049efd\" data-element_type=\"container\" data-e-type=\"container\">\n\t\t\t\t<div class=\"elementor-element elementor-element-bcf8b1f elementor-widget elementor-widget-icon-box\" data-id=\"bcf8b1f\" data-element_type=\"widget\" data-e-type=\"widget\" data-widget_type=\"icon-box.default\">\n\t\t\t\t<div class=\"elementor-widget-container\">\n\t\t\t\t\t\t\t<div class=\"elementor-icon-box-wrapper\">\n\n\t\t\t\n\t\t\t\t\t\t<div class=\"elementor-icon-box-content\">\n\n\t\t\t\t\t\t\t\t\t<h2 class=\"elementor-icon-box-title\">\n\t\t\t\t\t\t<span  >\n\t\t\t\t\t\t\t<b><h2 data-elementor-setting-key=\"title\" data-pen-placeholder=\"Type Here...\"><\/h2><font color=\"#1b0000\" face=\"Metropolis, sans-serif, sans-serif\"><span style=\"font-size: 34px;letter-spacing: normal\">Envie de nous \u00e9crire ?<\/span><\/font><font color=\"#1b0000\" face=\"Metropolis, sans-serif, sans-serif\"><span style=\"font-size: 34px;letter-spacing: normal\"><\/span><\/font><\/b>\t\t\t\t\t\t<\/span>\n\t\t\t\t\t<\/h2>\n\t\t\t\t\n\t\t\t\t\t\t\t\t\t<p class=\"elementor-icon-box-description\">\n\t\t\t\t\t\t<h3>\n\nUne question, une note concernant votre commande, un d\u00e9tail que vous avez remarqu\u00e9, une demande ?<br>Si cela concerne ce que nous faisons et ce que nous cr\u00e9ons, savons, bougies ou objets, votre message arrive directement aux personnes derri\u00e8re la marque. Il suffit d\u2019utiliser le formulaire ci-dessous pour nous contacter.   \n\n<br><br><\/h3><p>Vous pouvez \u00e9galement consulter notre <span style=\"text-decoration: underline\"><strong><a href=\"https:\/\/hank.brussels\/fr\/faq\/\">FAQ<\/a><\/strong><\/span> pour les questions g\u00e9n\u00e9rales.<\/p>\t\t\t\t\t<\/p>\n\t\t\t\t\n\t\t\t<\/div>\n\t\t\t\n\t\t<\/div>\n\t\t\t\t\t\t<\/div>\n\t\t\t\t<\/div>\n\t\t\t\t<div class=\"elementor-element elementor-element-50acc84 etheme-contact-form-7-button-custom elementor-widget elementor-widget-et-contact-form-7\" data-id=\"50acc84\" data-element_type=\"widget\" data-e-type=\"widget\" data-widget_type=\"et-contact-form-7.default\">\n\t\t\t\t<div class=\"elementor-widget-container\">\n\t\t\t\t\t                <div class=\"pp-contact-form etheme-contact-form-7 placeholder-show\">\n                                        \n<div class=\"wpcf7 no-js\" id=\"wpcf7-f5856-o1\" lang=\"en-US\" dir=\"ltr\" data-wpcf7-id=\"5856\">\n<div class=\"screen-reader-response\"><p role=\"status\" aria-live=\"polite\" aria-atomic=\"true\"><\/p> <ul><\/ul><\/div>\n<form action=\"\/fr\/wp-json\/wp\/v2\/pages\/2958#wpcf7-f5856-o1\" method=\"post\" class=\"wpcf7-form init\" aria-label=\"Contact form\" novalidate=\"novalidate\" data-status=\"init\">\n<fieldset class=\"hidden-fields-container\"><input type=\"hidden\" name=\"_wpcf7\" value=\"5856\" \/><input type=\"hidden\" name=\"_wpcf7_version\" value=\"6.1.5\" \/><input type=\"hidden\" name=\"_wpcf7_locale\" value=\"en_US\" \/><input type=\"hidden\" name=\"_wpcf7_unit_tag\" value=\"wpcf7-f5856-o1\" \/><input type=\"hidden\" name=\"_wpcf7_container_post\" value=\"0\" \/><input type=\"hidden\" name=\"_wpcf7_posted_data_hash\" value=\"\" \/>\n<\/fieldset>\n<p><label> Your name<br \/>\n<span class=\"wpcf7-form-control-wrap\" data-name=\"your-name\"><input size=\"40\" maxlength=\"400\" class=\"wpcf7-form-control wpcf7-text wpcf7-validates-as-required\" autocomplete=\"name\" aria-required=\"true\" aria-invalid=\"false\" value=\"\" type=\"text\" name=\"your-name\" \/><\/span> <\/label>\n<\/p>\n<p><label> Your email<br \/>\n<span class=\"wpcf7-form-control-wrap\" data-name=\"your-email\"><input size=\"40\" maxlength=\"400\" class=\"wpcf7-form-control wpcf7-email wpcf7-validates-as-required wpcf7-text wpcf7-validates-as-email\" autocomplete=\"email\" aria-required=\"true\" aria-invalid=\"false\" value=\"\" type=\"email\" name=\"your-email\" \/><\/span> <\/label>\n<\/p>\n<p><label> Subject<br \/>\n<span class=\"wpcf7-form-control-wrap\" data-name=\"your-subject\"><input size=\"40\" maxlength=\"400\" class=\"wpcf7-form-control wpcf7-text wpcf7-validates-as-required\" aria-required=\"true\" aria-invalid=\"false\" value=\"\" type=\"text\" name=\"your-subject\" \/><\/span> <\/label>\n<\/p>\n<p><label> Your message (optional)<br \/>\n<span class=\"wpcf7-form-control-wrap\" data-name=\"your-message\"><textarea cols=\"40\" rows=\"10\" maxlength=\"2000\" class=\"wpcf7-form-control wpcf7-textarea\" aria-invalid=\"false\" name=\"your-message\"><\/textarea><\/span> <\/label>\n<\/p>\n<p><input class=\"wpcf7-form-control wpcf7-submit has-spinner\" type=\"submit\" value=\"Submit\" \/>\n<\/p><input type='hidden' class='wpcf7-pum' value='{\"closepopup\":false,\"closedelay\":0,\"openpopup\":false,\"openpopup_id\":0}' \/><div class=\"wpcf7-response-output\" aria-hidden=\"true\"><\/div>\n<\/form>\n<\/div>\n                <\/div>\n                \t\t\t\t<\/div>\n\t\t\t\t<\/div>\n\t\t\t\t<\/div>\n\t\t\t\t<\/div>\n\t\t<div class=\"elementor-element elementor-element-12qbHp2 e-flex e-con-boxed e-con e-parent\" data-id=\"12qbHp2\" data-element_type=\"container\" data-e-type=\"container\">\n\t\t\t\t\t<div class=\"e-con-inner\">\n\t\t<div class=\"elementor-element elementor-element-ezwkwxn e-con-full e-flex e-con e-child\" data-id=\"ezwkwxn\" data-element_type=\"container\" data-e-type=\"container\">\n\t\t\t\t<div class=\"elementor-element elementor-element-TXaRvkq elementor-widget elementor-widget-heading\" data-id=\"TXaRvkq\" data-element_type=\"widget\" data-e-type=\"widget\" data-widget_type=\"heading.default\">\n\t\t\t\t<div class=\"elementor-widget-container\">\n\t\t\t\t\t<h1 class=\"elementor-heading-title elementor-size-default\">Restez en contact !<\/h1>\t\t\t\t<\/div>\n\t\t\t\t<\/div>\n\t\t\t\t<div class=\"elementor-element elementor-element-16a10dca e-grid-align-tablet-left elementor-widget-tablet__width-inherit e-grid-align-mobile-center elementor-shape-rounded elementor-grid-0 e-grid-align-center elementor-widget elementor-widget-social-icons\" data-id=\"16a10dca\" data-element_type=\"widget\" data-e-type=\"widget\" data-widget_type=\"social-icons.default\">\n\t\t\t\t<div class=\"elementor-widget-container\">\n\t\t\t\t\t\t\t<div class=\"elementor-social-icons-wrapper elementor-grid\" role=\"list\">\n\t\t\t\t\t\t\t<span class=\"elementor-grid-item\" role=\"listitem\">\n\t\t\t\t\t<a class=\"elementor-icon elementor-social-icon elementor-social-icon-instagram elementor-repeater-item-e487838\" target=\"_blank\">\n\t\t\t\t\t\t<span class=\"elementor-screen-only\">Instagram<\/span>\n\t\t\t\t\t\t<i aria-hidden=\"true\" class=\"fab fa-instagram\"><\/i>\t\t\t\t\t<\/a>\n\t\t\t\t<\/span>\n\t\t\t\t\t\t\t<span class=\"elementor-grid-item\" role=\"listitem\">\n\t\t\t\t\t<a class=\"elementor-icon elementor-social-icon elementor-social-icon-facebook elementor-repeater-item-90ce218\" target=\"_blank\">\n\t\t\t\t\t\t<span class=\"elementor-screen-only\">Facebook<\/span>\n\t\t\t\t\t\t<i aria-hidden=\"true\" class=\"fab fa-facebook\"><\/i>\t\t\t\t\t<\/a>\n\t\t\t\t<\/span>\n\t\t\t\t\t\t\t<span class=\"elementor-grid-item\" role=\"listitem\">\n\t\t\t\t\t<a class=\"elementor-icon elementor-social-icon elementor-social-icon-pinterest elementor-repeater-item-e62cac4\" target=\"_blank\">\n\t\t\t\t\t\t<span class=\"elementor-screen-only\">Pinterest<\/span>\n\t\t\t\t\t\t<i aria-hidden=\"true\" class=\"fab fa-pinterest\"><\/i>\t\t\t\t\t<\/a>\n\t\t\t\t<\/span>\n\t\t\t\t\t<\/div>\n\t\t\t\t\t\t<\/div>\n\t\t\t\t<\/div>\n\t\t\t\t<div class=\"elementor-element elementor-element-UxZBtjF elementor-widget elementor-widget-text-editor\" data-id=\"UxZBtjF\" data-element_type=\"widget\" data-e-type=\"widget\" data-widget_type=\"text-editor.default\">\n\t\t\t\t<div class=\"elementor-widget-container\">\n\t\t\t\t\t\t\t\t\t<p><span style=\"font-weight: 400;\">Chez Hank, chaque lien compte. Rejoignez notre univers et suivez notre parcours. Inscrivez-vous \u00e0 notre newsletter pour recevoir nos actualit\u00e9s, des attentions exclusives et une dose d\u2019inspiration cr\u00e9ative directement dans votre bo\u00eete mail.   <\/span><\/p>\t\t\t\t\t\t\t\t<\/div>\n\t\t\t\t<\/div>\n\t\t\t\t<div class=\"elementor-element elementor-element-e0648b8 elementor-widget elementor-widget-html\" data-id=\"e0648b8\" data-element_type=\"widget\" data-e-type=\"widget\" data-widget_type=\"html.default\">\n\t\t\t\t<div class=\"elementor-widget-container\">\n\t\t\t\t\t<!-- HANK \u2014 Mailchimp inline compact, full width --><style>:root{\n    --hk-font: Inter, system-ui, -apple-system, Segoe UI, Roboto, Helvetica, Arial, sans-serif;\n    --hk-input-bg:#fff;\n    --hk-input-fg:#000;\n    --hk-input-border:#000;\n    --hk-radius:10px;\n    --hk-btn-bg:#000;\n    --hk-btn-fg:#fff;\n    --hk-h:40px;      \/* hauteur uniforme *\/\n    --hk-gap:10px;    \/* espacement entre \u00e9l\u00e9ments *\/\n  }\n\n  \/* Pleine largeur et base typographique *\/\n  #mc_embed_shell, \n  #mc_embed_signup, \n  #mc-embedded-subscribe-form { width:100% !important; }\n  #mc_embed_signup{ font-family:var(--hk-font); }\n  #mc_embed_signup *{ box-sizing:border-box; }\n\n  \/* On masque ce qui est inutile *\/\n  #mc_embed_signup .indicates-required,\n  #mc_embed_signup .refferal_badge{ display:none !important; }\n\n  \/* Ligne principale *\/\n  #mc_embed_signup .hk-row{\n    display:flex; align-items:center; gap:var(--hk-gap);\n    flex-wrap:wrap; width:100%;\n  }\n  @media (min-width:900px){ #mc_embed_signup .hk-row{ flex-wrap:nowrap; } }\n\n  \/* Groupes + labels accessibles mais invisibles *\/\n  #mc_embed_signup .mc-field-group{ margin:0 !important; }\n  #mc_embed_signup label{\n    position:absolute !important; left:-9999px; width:1px; height:1px; overflow:hidden;\n  }\n\n  \/* Champs : m\u00eame hauteur \/ coins \/ bordures *\/\n  #mc_embed_signup input[type=\"text\"],\n  #mc_embed_signup input[type=\"email\"]{\n    height:var(--hk-h);\n    padding:0 15px;\n    border:1px solid var(--hk-input-border);\n    background:var(--hk-input-bg);\n    color:var(--hk-input-fg);\n    border-radius:var(--hk-radius);\n    outline:none;\n    width:100%;\n    line-height:var(--hk-h);\n  }\n  #mc_embed_signup input::placeholder{ color:#6b7280; }\n\n  \/* Focus propre (inset noir) *\/\n  #mc_embed_signup input[type=\"text\"]:focus,\n  #mc_embed_signup input[type=\"email\"]:focus{\n    box-shadow:0 0 0 2px #000 inset;\n  }\n\n  \/* R\u00e9partition des largeurs (les flex s'appliquent aux groupes) *\/\n  #mc_embed_signup .hk-name{ flex:0 0 180px; min-width:160px; }\n  #mc_embed_signup .hk-email{ flex:1 1 auto; min-width:200px; }\n  #mc_embed_signup .hk-btn{ flex:0 0 auto; }\n\n  \/* Bouton centr\u00e9 parfaitement *\/\n  #mc_embed_signup .button,\n  #mc_embed_signup input[type=\"submit\"]{\n    height:var(--hk-h);\n    padding:0 22px;\n    border-radius:var(--hk-radius);\n    border:1px solid var(--hk-btn-bg);\n    background:var(--hk-btn-bg);\n    color:var(--hk-btn-fg);\n    font-weight:700;\n    letter-spacing:.06em;\n    text-transform:uppercase;\n    cursor:pointer;\n    white-space:nowrap;\n    display:flex; align-items:center; justify-content:center;\n    transition:transform .03s ease, opacity .2s ease;\n  }\n  #mc_embed_signup .button:active{ transform:translateY(1px); }\n\n  \/* Mobile : pile en pleine largeur *\/\n  @media (max-width:520px){\n    #mc_embed_signup .hk-name,\n    #mc_embed_signup .hk-email,\n    #mc_embed_signup .hk-btn{ flex:1 1 100%; }\n    #mc_embed_signup .button{ width:100%; }\n  }\n<\/style><div id=\"mc_embed_shell\"><div id=\"mc_embed_signup\"><form action=\"https:\/\/brussels.us7.list-manage.com\/subscribe\/post?u=ee300eacaf269d27e88d112fa&amp;id=718e04c7e0&amp;f_id=004205e4f0\"\n          method=\"post\" id=\"mc-embedded-subscribe-form\" name=\"mc-embedded-subscribe-form\"\n          class=\"validate\" target=\"_self\" novalidate><div id=\"mc_embed_signup_scroll\" class=\"hk-row\"><!-- Name --><div class=\"mc-field-group hk-name\"><label for=\"mce-FNAME\">Your Name<\/label><input type=\"text\" name=\"FNAME\" id=\"mce-FNAME\" placeholder=\"Your Name\"><\/div><!-- Email (s\u2019\u00e9tire) --><div class=\"mc-field-group hk-email\"><label for=\"mce-EMAIL\">Email<\/label><input type=\"email\" name=\"EMAIL\" class=\"required email\" id=\"mce-EMAIL\"\n                 placeholder=\"Your email address\" required><\/div><!-- Bouton --><div class=\"mc-field-group hk-btn\"><input type=\"submit\" name=\"subscribe\" id=\"mc-embedded-subscribe\" class=\"button\" value=\"Subscribe\"><\/div><!-- Honeypot Mailchimp --><div aria-hidden=\"true\" style=\"position:absolute; left:-5000px;\"><input type=\"text\" name=\"b_ee300eacaf269d27e88d112fa_718e04c7e0\" tabindex=\"-1\" value=\"\"><\/div><\/div><div id=\"mce-responses\" class=\"clear foot\"><div class=\"response\" id=\"mce-error-response\" style=\"display:none;\"><\/div><div class=\"response\" id=\"mce-success-response\" style=\"display:none;\"><\/div><\/div><\/form><\/div><\/div>\t\t\t\t<\/div>\n\t\t\t\t<\/div>\n\t\t\t\t<div class=\"elementor-element elementor-element-cwCW3sn elementor-hidden-tablet elementor-hidden-mobile elementor-widget elementor-widget-text-editor\" data-id=\"cwCW3sn\" data-element_type=\"widget\" data-e-type=\"widget\" data-widget_type=\"text-editor.default\">\n\t\t\t\t<div class=\"elementor-widget-container\">\n\t\t\t\t\t\t\t\t\t<p>En vous inscrivant, vous acceptez de recevoir nos actualit\u00e9s et d\u2019adh\u00e9rer \u00e0 nos Conditions G\u00e9n\u00e9rales.<\/p>\t\t\t\t\t\t\t\t<\/div>\n\t\t\t\t<\/div>\n\t\t\t\t<\/div>\n\t\t\t\t\t<\/div>\n\t\t\t\t<\/div>\n\t\t\t\t<\/div>\n\t\t","protected":false},"excerpt":{"rendered":"<p>Envie de nous \u00e9crire ? Une question, une note concernant votre commande, un d\u00e9tail que vous avez remarqu\u00e9, une demande ?Si cela concerne ce que&#8230;<\/p>\n","protected":false},"author":1,"featured_media":0,"parent":0,"menu_order":0,"comment_status":"closed","ping_status":"closed","template":"elementor_theme","meta":{"footnotes":""},"class_list":["post-2958","page","type-page","status-publish","hentry"],"yoast_head":"<!-- This site is optimized with the Yoast SEO Premium plugin v27.3 (Yoast SEO v27.3) - https:\/\/yoast.com\/product\/yoast-seo-premium-wordpress\/ -->\n<title>&quot;Connectez-vous avec Hank - Partagez vos id\u00e9es et r\u00e9flexions.&quot; - Hank Brussels<\/title>\n<meta name=\"description\" content=\"Connectez-vous avec Hank - Partagez vos id\u00e9es et r\u00e9flexions. Connectez-vous avec Hank\" \/>\n<meta name=\"robots\" content=\"index, follow, max-snippet:-1, max-image-preview:large, max-video-preview:-1\" \/>\n<link rel=\"canonical\" href=\"https:\/\/hank.brussels\/fr\/connectez-vous-avec-hank-partagez-vos-idees-et-reflexions\/\" \/>\n<meta property=\"og:locale\" content=\"fr_FR\" \/>\n<meta property=\"og:type\" content=\"article\" \/>\n<meta property=\"og:title\" content=\"&quot;Connectez-vous avec Hank - Partagez vos id\u00e9es et r\u00e9flexions.&quot;\" \/>\n<meta property=\"og:description\" content=\"Connectez-vous avec Hank - Partagez vos id\u00e9es et r\u00e9flexions. Connectez-vous avec Hank\" \/>\n<meta property=\"og:url\" content=\"https:\/\/hank.brussels\/fr\/connectez-vous-avec-hank-partagez-vos-idees-et-reflexions\/\" \/>\n<meta property=\"og:site_name\" content=\"Hank Brussels\" \/>\n<meta property=\"article:publisher\" content=\"https:\/\/www.facebook.com\/HankBrssls\/\" \/>\n<meta property=\"article:modified_time\" content=\"2025-12-19T12:31:17+00:00\" \/>\n<meta name=\"twitter:card\" content=\"summary_large_image\" \/>\n<script type=\"application\/ld+json\" class=\"yoast-schema-graph\">{\"@context\":\"https:\\\/\\\/schema.org\",\"@graph\":[{\"@type\":\"WebPage\",\"@id\":\"https:\\\/\\\/hank.brussels\\\/fr\\\/connectez-vous-avec-hank-partagez-vos-idees-et-reflexions\\\/\",\"url\":\"https:\\\/\\\/hank.brussels\\\/fr\\\/connectez-vous-avec-hank-partagez-vos-idees-et-reflexions\\\/\",\"name\":\"\\\"Connectez-vous avec Hank - Partagez vos id\u00e9es et r\u00e9flexions.\\\" - Hank Brussels\",\"isPartOf\":{\"@id\":\"https:\\\/\\\/hank.brussels\\\/fr\\\/#website\"},\"datePublished\":\"2024-02-28T15:12:23+00:00\",\"dateModified\":\"2025-12-19T12:31:17+00:00\",\"description\":\"Connectez-vous avec Hank - Partagez vos id\u00e9es et r\u00e9flexions. Connectez-vous avec Hank\",\"breadcrumb\":{\"@id\":\"https:\\\/\\\/hank.brussels\\\/fr\\\/connectez-vous-avec-hank-partagez-vos-idees-et-reflexions\\\/#breadcrumb\"},\"inLanguage\":\"fr-FR\",\"potentialAction\":[{\"@type\":\"ReadAction\",\"target\":[\"https:\\\/\\\/hank.brussels\\\/fr\\\/connectez-vous-avec-hank-partagez-vos-idees-et-reflexions\\\/\"]}]},{\"@type\":\"BreadcrumbList\",\"@id\":\"https:\\\/\\\/hank.brussels\\\/fr\\\/connectez-vous-avec-hank-partagez-vos-idees-et-reflexions\\\/#breadcrumb\",\"itemListElement\":[{\"@type\":\"ListItem\",\"position\":1,\"name\":\"Accueil\",\"item\":\"https:\\\/\\\/hank.brussels\\\/fr\\\/\"},{\"@type\":\"ListItem\",\"position\":2,\"name\":\"&#8220;Connectez-vous avec Hank &#8211; Partagez vos id\u00e9es et r\u00e9flexions.&#8221;\"}]},{\"@type\":\"WebSite\",\"@id\":\"https:\\\/\\\/hank.brussels\\\/fr\\\/#website\",\"url\":\"https:\\\/\\\/hank.brussels\\\/fr\\\/\",\"name\":\"Hank Brussels\",\"description\":\"Clean Skin. Dirty Mind. Since 2021.\",\"publisher\":{\"@id\":\"https:\\\/\\\/hank.brussels\\\/fr\\\/#organization\"},\"alternateName\":\"Hank\",\"potentialAction\":[{\"@type\":\"SearchAction\",\"target\":{\"@type\":\"EntryPoint\",\"urlTemplate\":\"https:\\\/\\\/hank.brussels\\\/fr\\\/?s={search_term_string}\"},\"query-input\":{\"@type\":\"PropertyValueSpecification\",\"valueRequired\":true,\"valueName\":\"search_term_string\"}}],\"inLanguage\":\"fr-FR\"},{\"@type\":\"Organization\",\"@id\":\"https:\\\/\\\/hank.brussels\\\/fr\\\/#organization\",\"name\":\"Hank Studio SNC\",\"alternateName\":\"Hank\",\"url\":\"https:\\\/\\\/hank.brussels\\\/fr\\\/\",\"logo\":{\"@type\":\"ImageObject\",\"inLanguage\":\"fr-FR\",\"@id\":\"https:\\\/\\\/hank.brussels\\\/fr\\\/#\\\/schema\\\/logo\\\/image\\\/\",\"url\":\"https:\\\/\\\/hank.brussels\\\/wp-content\\\/uploads\\\/2023\\\/10\\\/Fichier-4.svg\",\"contentUrl\":\"https:\\\/\\\/hank.brussels\\\/wp-content\\\/uploads\\\/2023\\\/10\\\/Fichier-4.svg\",\"width\":295,\"height\":295,\"caption\":\"Hank Studio SNC\"},\"image\":{\"@id\":\"https:\\\/\\\/hank.brussels\\\/fr\\\/#\\\/schema\\\/logo\\\/image\\\/\"},\"sameAs\":[\"https:\\\/\\\/www.facebook.com\\\/HankBrssls\\\/\",\"https:\\\/\\\/www.instagram.com\\\/hank.brussels\\\/\"],\"description\":\"Hank is a creative studio and brand based in Brussels. We offer eco-friendly et thoughtful objects for your everyday life.\",\"email\":\"hello@hank.brussels\",\"telephone\":\"+32 488 24 68 58\",\"legalName\":\"Hank Studio SNC\",\"foundingDate\":\"2021-05-21\",\"vatID\":\"BE0768986306\",\"taxID\":\"0768986306\",\"numberOfEmployees\":{\"@type\":\"QuantitativeValue\",\"minValue\":\"1\",\"maxValue\":\"10\"}}]}<\/script>\n<!-- \/ Yoast SEO Premium plugin. -->","yoast_head_json":{"title":"\"Connectez-vous avec Hank - Partagez vos id\u00e9es et r\u00e9flexions.\" - Hank Brussels","description":"Connectez-vous avec Hank - Partagez vos id\u00e9es et r\u00e9flexions. Connectez-vous avec Hank","robots":{"index":"index","follow":"follow","max-snippet":"max-snippet:-1","max-image-preview":"max-image-preview:large","max-video-preview":"max-video-preview:-1"},"canonical":"https:\/\/hank.brussels\/fr\/connectez-vous-avec-hank-partagez-vos-idees-et-reflexions\/","og_locale":"fr_FR","og_type":"article","og_title":"\"Connectez-vous avec Hank - Partagez vos id\u00e9es et r\u00e9flexions.\"","og_description":"Connectez-vous avec Hank - Partagez vos id\u00e9es et r\u00e9flexions. Connectez-vous avec Hank","og_url":"https:\/\/hank.brussels\/fr\/connectez-vous-avec-hank-partagez-vos-idees-et-reflexions\/","og_site_name":"Hank Brussels","article_publisher":"https:\/\/www.facebook.com\/HankBrssls\/","article_modified_time":"2025-12-19T12:31:17+00:00","twitter_card":"summary_large_image","schema":{"@context":"https:\/\/schema.org","@graph":[{"@type":"WebPage","@id":"https:\/\/hank.brussels\/fr\/connectez-vous-avec-hank-partagez-vos-idees-et-reflexions\/","url":"https:\/\/hank.brussels\/fr\/connectez-vous-avec-hank-partagez-vos-idees-et-reflexions\/","name":"\"Connectez-vous avec Hank - Partagez vos id\u00e9es et r\u00e9flexions.\" - Hank Brussels","isPartOf":{"@id":"https:\/\/hank.brussels\/fr\/#website"},"datePublished":"2024-02-28T15:12:23+00:00","dateModified":"2025-12-19T12:31:17+00:00","description":"Connectez-vous avec Hank - Partagez vos id\u00e9es et r\u00e9flexions. Connectez-vous avec Hank","breadcrumb":{"@id":"https:\/\/hank.brussels\/fr\/connectez-vous-avec-hank-partagez-vos-idees-et-reflexions\/#breadcrumb"},"inLanguage":"fr-FR","potentialAction":[{"@type":"ReadAction","target":["https:\/\/hank.brussels\/fr\/connectez-vous-avec-hank-partagez-vos-idees-et-reflexions\/"]}]},{"@type":"BreadcrumbList","@id":"https:\/\/hank.brussels\/fr\/connectez-vous-avec-hank-partagez-vos-idees-et-reflexions\/#breadcrumb","itemListElement":[{"@type":"ListItem","position":1,"name":"Accueil","item":"https:\/\/hank.brussels\/fr\/"},{"@type":"ListItem","position":2,"name":"&#8220;Connectez-vous avec Hank &#8211; Partagez vos id\u00e9es et r\u00e9flexions.&#8221;"}]},{"@type":"WebSite","@id":"https:\/\/hank.brussels\/fr\/#website","url":"https:\/\/hank.brussels\/fr\/","name":"Hank Brussels","description":"Clean Skin. Dirty Mind. Since 2021.","publisher":{"@id":"https:\/\/hank.brussels\/fr\/#organization"},"alternateName":"Hank","potentialAction":[{"@type":"SearchAction","target":{"@type":"EntryPoint","urlTemplate":"https:\/\/hank.brussels\/fr\/?s={search_term_string}"},"query-input":{"@type":"PropertyValueSpecification","valueRequired":true,"valueName":"search_term_string"}}],"inLanguage":"fr-FR"},{"@type":"Organization","@id":"https:\/\/hank.brussels\/fr\/#organization","name":"Hank Studio SNC","alternateName":"Hank","url":"https:\/\/hank.brussels\/fr\/","logo":{"@type":"ImageObject","inLanguage":"fr-FR","@id":"https:\/\/hank.brussels\/fr\/#\/schema\/logo\/image\/","url":"https:\/\/hank.brussels\/wp-content\/uploads\/2023\/10\/Fichier-4.svg","contentUrl":"https:\/\/hank.brussels\/wp-content\/uploads\/2023\/10\/Fichier-4.svg","width":295,"height":295,"caption":"Hank Studio SNC"},"image":{"@id":"https:\/\/hank.brussels\/fr\/#\/schema\/logo\/image\/"},"sameAs":["https:\/\/www.facebook.com\/HankBrssls\/","https:\/\/www.instagram.com\/hank.brussels\/"],"description":"Hank is a creative studio and brand based in Brussels. We offer eco-friendly et thoughtful objects for your everyday life.","email":"hello@hank.brussels","telephone":"+32 488 24 68 58","legalName":"Hank Studio SNC","foundingDate":"2021-05-21","vatID":"BE0768986306","taxID":"0768986306","numberOfEmployees":{"@type":"QuantitativeValue","minValue":"1","maxValue":"10"}}]}},"_links":{"self":[{"href":"https:\/\/hank.brussels\/fr\/wp-json\/wp\/v2\/pages\/2958","targetHints":{"allow":["GET"]}}],"collection":[{"href":"https:\/\/hank.brussels\/fr\/wp-json\/wp\/v2\/pages"}],"about":[{"href":"https:\/\/hank.brussels\/fr\/wp-json\/wp\/v2\/types\/page"}],"author":[{"embeddable":true,"href":"https:\/\/hank.brussels\/fr\/wp-json\/wp\/v2\/users\/1"}],"replies":[{"embeddable":true,"href":"https:\/\/hank.brussels\/fr\/wp-json\/wp\/v2\/comments?post=2958"}],"version-history":[{"count":0,"href":"https:\/\/hank.brussels\/fr\/wp-json\/wp\/v2\/pages\/2958\/revisions"}],"wp:attachment":[{"href":"https:\/\/hank.brussels\/fr\/wp-json\/wp\/v2\/media?parent=2958"}],"curies":[{"name":"wp","href":"https:\/\/api.w.org\/{rel}","templated":true}]}}