{"id":2324,"date":"2024-01-25T17:04:55","date_gmt":"2024-01-25T16:04:55","guid":{"rendered":"https:\/\/hank.brussels\/?post_type=product&#038;p=2324"},"modified":"2026-02-19T12:59:25","modified_gmt":"2026-02-19T11:59:25","slug":"bandy-soap-dish-and-coaster-purple","status":"publish","type":"product","link":"https:\/\/hank.brussels\/fr\/produit\/bandy-soap-dish-and-coaster-purple\/","title":{"rendered":"BANDY | Stone Soap Dish, Purple"},"content":{"rendered":"\t\t<div data-elementor-type=\"wp-post\" data-elementor-id=\"2324\" class=\"elementor elementor-2324\" data-elementor-post-type=\"product\">\n\t\t\t\t\t\t<section class=\"elementor-section elementor-top-section elementor-element elementor-element-424d0ab elementor-section-boxed elementor-section-height-default elementor-section-height-default\" data-id=\"424d0ab\" data-element_type=\"section\" data-e-type=\"section\">\n\t\t\t\t\t\t<div class=\"elementor-container elementor-column-gap-custom\">\n\t\t\t\t\t<div class=\"elementor-column elementor-col-50 elementor-top-column elementor-element elementor-element-21c90a0\" data-id=\"21c90a0\" data-element_type=\"column\" data-e-type=\"column\">\n\t\t\t<div class=\"elementor-widget-wrap elementor-element-populated\">\n\t\t\t\t\t\t<div class=\"elementor-element elementor-element-13468c8 elementor-widget elementor-widget-heading\" data-id=\"13468c8\" data-element_type=\"widget\" data-e-type=\"widget\" data-widget_type=\"heading.default\">\n\t\t\t\t<div class=\"elementor-widget-container\">\n\t\t\t\t\t<h2 class=\"elementor-heading-title elementor-size-default\">Specifications<\/h2>\t\t\t\t<\/div>\n\t\t\t\t<\/div>\n\t\t\t\t<div class=\"elementor-element elementor-element-67a6c5f elementor-widget elementor-widget-etheme_icon_list\" data-id=\"67a6c5f\" data-element_type=\"widget\" data-e-type=\"widget\" data-widget_type=\"etheme_icon_list.default\">\n\t\t\t\t<div class=\"elementor-widget-container\">\n\t\t\t\t\t            <div class=\"etheme-icon-list\">\n                                        <div class=\"etheme-icon-list-item elementor-repeater-item-51a7bf7\">\n                                                                \n                                    <span class=\"etheme-icon-list-item-icon\">\n                                        <span class=\"etheme-icon-list-item-icon-inner\">\n                                        .                                        <\/span>\n                                    <\/span>\n                                    \n                                                            \n                            <span class=\"etheme-icon-list-item-text\">\n                                Handmade in Belgium                            <\/span>\n                                                    <\/div>\n                                            <div class=\"etheme-icon-list-item elementor-repeater-item-f8a6fe5\">\n                                                                \n                                    <span class=\"etheme-icon-list-item-icon\">\n                                        <span class=\"etheme-icon-list-item-icon-inner\">\n                                        .                                        <\/span>\n                                    <\/span>\n                                    \n                                                            \n                            <span class=\"etheme-icon-list-item-text\">\n                                Size - 5 x 5 cm                            <\/span>\n                                                    <\/div>\n                                            <div class=\"etheme-icon-list-item elementor-repeater-item-f3a5a2c\">\n                                                                \n                                    <span class=\"etheme-icon-list-item-icon\">\n                                        <span class=\"etheme-icon-list-item-icon-inner\">\n                                        .                                        <\/span>\n                                    <\/span>\n                                    \n                                                            \n                            <span class=\"etheme-icon-list-item-text\">\n                                Material - Jesmonite                            <\/span>\n                                                    <\/div>\n                                <\/div>\n        \n        \t\t\t\t<\/div>\n\t\t\t\t<\/div>\n\t\t\t\t\t<\/div>\n\t\t<\/div>\n\t\t\t\t<div class=\"elementor-column elementor-col-50 elementor-top-column elementor-element elementor-element-147ded0\" data-id=\"147ded0\" data-element_type=\"column\" data-e-type=\"column\">\n\t\t\t<div class=\"elementor-widget-wrap elementor-element-populated\">\n\t\t\t\t\t\t<div class=\"elementor-element elementor-element-7ff0b64 elementor-widget elementor-widget-heading\" data-id=\"7ff0b64\" data-element_type=\"widget\" data-e-type=\"widget\" data-widget_type=\"heading.default\">\n\t\t\t\t<div class=\"elementor-widget-container\">\n\t\t\t\t\t<h2 class=\"elementor-heading-title elementor-size-default\">How do I clean my Bandy ?\n\n<\/h2>\t\t\t\t<\/div>\n\t\t\t\t<\/div>\n\t\t\t\t<div class=\"elementor-element elementor-element-ed1c5d3 elementor-widget elementor-widget-text-editor\" data-id=\"ed1c5d3\" data-element_type=\"widget\" data-e-type=\"widget\" data-widget_type=\"text-editor.default\">\n\t\t\t\t<div class=\"elementor-widget-container\">\n\t\t\t\t\t\t\t\t\t<p class=\"p1\">For daily maintenance, use a dry or slightly damp cloth such as chamois or a micro-fiber cloth.<\/p><p>If stains have appeared, wash them off with warm water and use eventually a mild detergent. Do not use vinegar as it&rsquo;s too acid for its porous surface.<\/p><p>Use a toothbrush if necessary for more difficult areas, dry and then treat the surface with a colorless oil for porous stone or a dedicated treating product.<\/p>\t\t\t\t\t\t\t\t<\/div>\n\t\t\t\t<\/div>\n\t\t\t\t<div class=\"elementor-element elementor-element-7bece89 elementor-widget elementor-widget-heading\" data-id=\"7bece89\" data-element_type=\"widget\" data-e-type=\"widget\" data-widget_type=\"heading.default\">\n\t\t\t\t<div class=\"elementor-widget-container\">\n\t\t\t\t\t<h2 class=\"elementor-heading-title elementor-size-default\">How do I recycle my Hank items?<\/h2>\t\t\t\t<\/div>\n\t\t\t\t<\/div>\n\t\t\t\t<div class=\"elementor-element elementor-element-0660ea2 elementor-widget elementor-widget-text-editor\" data-id=\"0660ea2\" data-element_type=\"widget\" data-e-type=\"widget\" data-widget_type=\"text-editor.default\">\n\t\t\t\t<div class=\"elementor-widget-container\">\n\t\t\t\t\t\t\t\t\t<p>If these no longer appeal to you, you can recycle them at your local recycling yard.<\/p>\t\t\t\t\t\t\t\t<\/div>\n\t\t\t\t<\/div>\n\t\t\t\t\t<\/div>\n\t\t<\/div>\n\t\t\t\t\t<\/div>\n\t\t<\/section>\n\t\t\t\t<section class=\"elementor-section elementor-top-section elementor-element elementor-element-636ac40c elementor-section-content-middle elementor-section-boxed elementor-section-height-default elementor-section-height-default\" data-id=\"636ac40c\" data-element_type=\"section\" data-e-type=\"section\">\n\t\t\t\t\t\t<div class=\"elementor-container elementor-column-gap-no\">\n\t\t\t\t\t<div class=\"elementor-column elementor-col-50 elementor-top-column elementor-element elementor-element-7fe22328\" data-id=\"7fe22328\" data-element_type=\"column\" data-e-type=\"column\" data-settings=\"{&quot;background_background&quot;:&quot;classic&quot;}\">\n\t\t\t<div class=\"elementor-widget-wrap elementor-element-populated\">\n\t\t\t\t\t\t<div class=\"elementor-element elementor-element-a7ff43a elementor-widget elementor-widget-heading\" data-id=\"a7ff43a\" data-element_type=\"widget\" data-e-type=\"widget\" data-widget_type=\"heading.default\">\n\t\t\t\t<div class=\"elementor-widget-container\">\n\t\t\t\t\t<h2 class=\"elementor-heading-title elementor-size-default\">Nature's Beauty<\/h2>\t\t\t\t<\/div>\n\t\t\t\t<\/div>\n\t\t\t\t<div class=\"elementor-element elementor-element-1bbf711 elementor-widget-divider--view-line elementor-widget elementor-widget-divider\" data-id=\"1bbf711\" data-element_type=\"widget\" data-e-type=\"widget\" data-widget_type=\"divider.default\">\n\t\t\t\t<div class=\"elementor-widget-container\">\n\t\t\t\t\t\t\t<div class=\"elementor-divider\">\n\t\t\t<span class=\"elementor-divider-separator\">\n\t\t\t\t\t\t<\/span>\n\t\t<\/div>\n\t\t\t\t\t\t<\/div>\n\t\t\t\t<\/div>\n\t\t\t\t<div class=\"elementor-element elementor-element-1f474afa elementor-widget elementor-widget-text-editor\" data-id=\"1f474afa\" data-element_type=\"widget\" data-e-type=\"widget\" data-widget_type=\"text-editor.default\">\n\t\t\t\t<div class=\"elementor-widget-container\">\n\t\t\t\t\t\t\t\t\tAffordable Luxury: Natural Dinnerware Collection\t\t\t\t\t\t\t\t<\/div>\n\t\t\t\t<\/div>\n\t\t\t\t<div class=\"elementor-element elementor-element-259eb300 elementor-widget elementor-widget-text_button\" data-id=\"259eb300\" data-element_type=\"widget\" data-e-type=\"widget\" data-widget_type=\"text_button.default\">\n\t\t\t\t<div class=\"elementor-widget-container\">\n\t\t\t\t\t<div class=\"etheme-button-wrapper\"><a href=\"#\" class=\"fill-ltr has-fill etheme-text-button elementor-button\" role=\"button\">\n        <span class=\"elementor-button-content-wrapper\">\n            \n\t\t\t<span class=\"elementor-button-text\">Shop now<\/span>\n\n            \n            \n        <\/span><\/a><\/div>\t\t\t\t<\/div>\n\t\t\t\t<\/div>\n\t\t\t\t\t<\/div>\n\t\t<\/div>\n\t\t\t\t<div class=\"elementor-column elementor-col-50 elementor-top-column elementor-element elementor-element-26ee39b2\" data-id=\"26ee39b2\" data-element_type=\"column\" data-e-type=\"column\" data-settings=\"{&quot;background_background&quot;:&quot;classic&quot;}\">\n\t\t\t<div class=\"elementor-widget-wrap elementor-element-populated\">\n\t\t\t\t\t\t<div class=\"elementor-element elementor-element-2d7741e3 elementor-widget elementor-widget-etheme-countdown\" data-id=\"2d7741e3\" data-element_type=\"widget\" data-e-type=\"widget\" data-settings=\"{&quot;show_empty_counter&quot;:&quot;yes&quot;}\" data-widget_type=\"etheme-countdown.default\">\n\t\t\t\t<div class=\"elementor-widget-container\">\n\t\t\t\t\t\n        <div class=\"etheme-countdown-wrapper\" data-date=\"1699594560\" data-expire-actions=\"[{&quot;type&quot;:&quot;hide&quot;}]\">\n\n                        <div class=\"etheme-countdown\">\n\t\t\t    <div class=\"etheme-countdown-item days label-bottom\"><div class=\"etheme-countdown-item-inner\"><span class=\"etheme-countdown-digits\">0<\/span> <span class=\"etheme-countdown-label\">Jours<\/span><\/div><\/div><div class=\"etheme-countdown-item hours label-bottom\"><div class=\"etheme-countdown-item-inner\"><span class=\"etheme-countdown-digits\">0<\/span> <span class=\"etheme-countdown-label\">Heures<\/span><\/div><\/div><div class=\"etheme-countdown-item minutes label-bottom\"><div class=\"etheme-countdown-item-inner\"><span class=\"etheme-countdown-digits\">0<\/span> <span class=\"etheme-countdown-label\">Minutes<\/span><\/div><\/div><div class=\"etheme-countdown-item seconds label-bottom\"><div class=\"etheme-countdown-item-inner\"><span class=\"etheme-countdown-digits\">0<\/span> <span class=\"etheme-countdown-label\">Secondes<\/span><\/div><\/div>\t\t\t<\/div>\n      \n\t\t            \n        <\/div>\n        \n        \t\t\t\t<\/div>\n\t\t\t\t<\/div>\n\t\t\t\t<div class=\"elementor-element elementor-element-2eb07165 elementor-widget elementor-widget-heading\" data-id=\"2eb07165\" data-element_type=\"widget\" data-e-type=\"widget\" data-widget_type=\"heading.default\">\n\t\t\t\t<div class=\"elementor-widget-container\">\n\t\t\t\t\t<h2 class=\"elementor-heading-title elementor-size-default\">Savor the Warmth of Natural<\/h2>\t\t\t\t<\/div>\n\t\t\t\t<\/div>\n\t\t\t\t<div class=\"elementor-element elementor-element-49d6e957 elementor-widget elementor-widget-text_button\" data-id=\"49d6e957\" data-element_type=\"widget\" data-e-type=\"widget\" data-widget_type=\"text_button.default\">\n\t\t\t\t<div class=\"elementor-widget-container\">\n\t\t\t\t\t<div class=\"etheme-button-wrapper\"><a href=\"#\" class=\"fill-ltr has-fill etheme-text-button elementor-button\" role=\"button\">\n        <span class=\"elementor-button-content-wrapper\">\n            \n\t\t\t<span class=\"elementor-button-text\">Get discount<\/span>\n\n            \n            \n        <\/span><\/a><\/div>\t\t\t\t<\/div>\n\t\t\t\t<\/div>\n\t\t\t\t\t<\/div>\n\t\t<\/div>\n\t\t\t\t\t<\/div>\n\t\t<\/section>\n\t\t\t\t<\/div>\n\t\t","protected":false},"excerpt":{"rendered":"<p>Rehaussez votre int\u00e9rieur avec le design \u00e9pur\u00e9 de notre porte-savon et dessous de verre Bandy. Cet accessoire \u00e9l\u00e9gant s\u2019inspire du serpent bandy-bandy, reproduisant sa fluidit\u00e9 dans une forme qui permet \u00e0 l\u2019eau de s\u2019\u00e9couler facilement, gardant vos savons secs et durables. En tant que dessous de verre, sa surface textur\u00e9e offre une adh\u00e9rence, \u00e9vitant les glissements et emp\u00eachant l\u2019effet de succion caus\u00e9 par l\u2019humidit\u00e9. Sa teinte violette rafra\u00eechissante et son design ludique en font un atout color\u00e9 \u00e0 n\u2019importe quelle cuisine, salon ou salle de bain. M\u00e9langez et assortissez pour identifier votre boisson lors de vos soir\u00e9es entre amis. Parfait pour les d\u00e9cors modernes et minimalistes, ce porte-savon et dessous de verre ajoute une touche de charme raffin\u00e9 \u00e0 n\u2019importe quel environnement.<\/p>\n","protected":false},"featured_media":2325,"comment_status":"open","ping_status":"closed","template":"","meta":[],"etheme_brands":[],"product_brand":[],"product_cat":[47],"product_tag":[58,56,57],"class_list":{"0":"post-2324","1":"product","2":"type-product","3":"status-publish","4":"has-post-thumbnail","6":"product_cat-accessoires","7":"product_tag-bandy","8":"product_tag-purple","9":"product_tag-violet","11":"first","12":"instock","13":"taxable","14":"shipping-taxable","15":"purchasable","16":"product-type-simple"},"yoast_head":"<!-- This site is optimized with the Yoast SEO Premium plugin v27.3 (Yoast SEO v27.3) - https:\/\/yoast.com\/product\/yoast-seo-premium-wordpress\/ -->\n<title>BANDY | Stone Soap Dish, Purple - Hank Brussels<\/title>\n<meta name=\"robots\" content=\"index, follow, max-snippet:-1, max-image-preview:large, max-video-preview:-1\" \/>\n<link rel=\"canonical\" href=\"https:\/\/hank.brussels\/fr\/produit\/bandy-soap-dish-and-coaster-purple\/\" \/>\n<meta property=\"og:locale\" content=\"fr_FR\" \/>\n<meta property=\"og:type\" content=\"article\" \/>\n<meta property=\"og:title\" content=\"BANDY | Stone Soap Dish, Purple\" \/>\n<meta property=\"og:description\" content=\"Rehaussez votre int\u00e9rieur avec le design \u00e9pur\u00e9 de notre porte-savon et dessous de verre Bandy. Cet accessoire \u00e9l\u00e9gant s\u2019inspire du serpent bandy-bandy, reproduisant sa fluidit\u00e9 dans une forme qui permet \u00e0 l\u2019eau de s\u2019\u00e9couler facilement, gardant vos savons secs et durables. En tant que dessous de verre, sa surface textur\u00e9e offre une adh\u00e9rence, \u00e9vitant les glissements et emp\u00eachant l\u2019effet de succion caus\u00e9 par l\u2019humidit\u00e9. Sa teinte violette rafra\u00eechissante et son design ludique en font un atout color\u00e9 \u00e0 n\u2019importe quelle cuisine, salon ou salle de bain. M\u00e9langez et assortissez pour identifier votre boisson lors de vos soir\u00e9es entre amis. Parfait pour les d\u00e9cors modernes et minimalistes, ce porte-savon et dessous de verre ajoute une touche de charme raffin\u00e9 \u00e0 n\u2019importe quel environnement.\" \/>\n<meta property=\"og:url\" content=\"https:\/\/hank.brussels\/fr\/produit\/bandy-soap-dish-and-coaster-purple\/\" \/>\n<meta property=\"og:site_name\" content=\"Hank Brussels\" \/>\n<meta property=\"article:publisher\" content=\"https:\/\/www.facebook.com\/HankBrssls\/\" \/>\n<meta property=\"article:modified_time\" content=\"2026-02-19T11:59:25+00:00\" \/>\n<meta property=\"og:image\" content=\"https:\/\/hank.brussels\/wp-content\/uploads\/2024\/01\/BANDY-PUR-920x1200-1.webp\" \/>\n\t<meta property=\"og:image:width\" content=\"920\" \/>\n\t<meta property=\"og:image:height\" content=\"1200\" \/>\n\t<meta property=\"og:image:type\" content=\"image\/webp\" \/>\n<meta name=\"twitter:card\" content=\"summary_large_image\" \/>\n<script type=\"application\/ld+json\" class=\"yoast-schema-graph\">{\"@context\":\"https:\\\/\\\/schema.org\",\"@graph\":[{\"@type\":\"WebPage\",\"@id\":\"https:\\\/\\\/hank.brussels\\\/fr\\\/produit\\\/bandy-soap-dish-and-coaster-purple\\\/\",\"url\":\"https:\\\/\\\/hank.brussels\\\/fr\\\/produit\\\/bandy-soap-dish-and-coaster-purple\\\/\",\"name\":\"BANDY | Stone Soap Dish, Purple - Hank Brussels\",\"isPartOf\":{\"@id\":\"https:\\\/\\\/hank.brussels\\\/fr\\\/#website\"},\"primaryImageOfPage\":{\"@id\":\"https:\\\/\\\/hank.brussels\\\/fr\\\/produit\\\/bandy-soap-dish-and-coaster-purple\\\/#primaryimage\"},\"image\":{\"@id\":\"https:\\\/\\\/hank.brussels\\\/fr\\\/produit\\\/bandy-soap-dish-and-coaster-purple\\\/#primaryimage\"},\"thumbnailUrl\":\"https:\\\/\\\/hank.brussels\\\/wp-content\\\/uploads\\\/2024\\\/01\\\/BANDY-PUR-920x1200-1.webp\",\"datePublished\":\"2024-01-25T16:04:55+00:00\",\"dateModified\":\"2026-02-19T11:59:25+00:00\",\"breadcrumb\":{\"@id\":\"https:\\\/\\\/hank.brussels\\\/fr\\\/produit\\\/bandy-soap-dish-and-coaster-purple\\\/#breadcrumb\"},\"inLanguage\":\"fr-FR\",\"potentialAction\":[{\"@type\":\"ReadAction\",\"target\":[\"https:\\\/\\\/hank.brussels\\\/fr\\\/produit\\\/bandy-soap-dish-and-coaster-purple\\\/\"]}]},{\"@type\":\"ImageObject\",\"inLanguage\":\"fr-FR\",\"@id\":\"https:\\\/\\\/hank.brussels\\\/fr\\\/produit\\\/bandy-soap-dish-and-coaster-purple\\\/#primaryimage\",\"url\":\"https:\\\/\\\/hank.brussels\\\/wp-content\\\/uploads\\\/2024\\\/01\\\/BANDY-PUR-920x1200-1.webp\",\"contentUrl\":\"https:\\\/\\\/hank.brussels\\\/wp-content\\\/uploads\\\/2024\\\/01\\\/BANDY-PUR-920x1200-1.webp\",\"width\":920,\"height\":1200,\"caption\":\"Keep your soap dry or your glass steady with our Bandy soap dish and coaster, inspired by the fluid lines of the bandy-bandy snake.\"},{\"@type\":\"BreadcrumbList\",\"@id\":\"https:\\\/\\\/hank.brussels\\\/fr\\\/produit\\\/bandy-soap-dish-and-coaster-purple\\\/#breadcrumb\",\"itemListElement\":[{\"@type\":\"ListItem\",\"position\":1,\"name\":\"Accueil\",\"item\":\"https:\\\/\\\/hank.brussels\\\/fr\\\/\"},{\"@type\":\"ListItem\",\"position\":2,\"name\":\"Catalogue\",\"item\":\"https:\\\/\\\/hank.brussels\\\/fr\\\/catalogue-2\\\/\"},{\"@type\":\"ListItem\",\"position\":3,\"name\":\"BANDY | Stone Soap Dish, Purple\"}]},{\"@type\":\"WebSite\",\"@id\":\"https:\\\/\\\/hank.brussels\\\/fr\\\/#website\",\"url\":\"https:\\\/\\\/hank.brussels\\\/fr\\\/\",\"name\":\"Hank Brussels\",\"description\":\"Clean Skin. Dirty Mind. Since 2021.\",\"publisher\":{\"@id\":\"https:\\\/\\\/hank.brussels\\\/fr\\\/#organization\"},\"alternateName\":\"Hank\",\"potentialAction\":[{\"@type\":\"SearchAction\",\"target\":{\"@type\":\"EntryPoint\",\"urlTemplate\":\"https:\\\/\\\/hank.brussels\\\/fr\\\/?s={search_term_string}\"},\"query-input\":{\"@type\":\"PropertyValueSpecification\",\"valueRequired\":true,\"valueName\":\"search_term_string\"}}],\"inLanguage\":\"fr-FR\"},{\"@type\":\"Organization\",\"@id\":\"https:\\\/\\\/hank.brussels\\\/fr\\\/#organization\",\"name\":\"Hank Studio SNC\",\"alternateName\":\"Hank\",\"url\":\"https:\\\/\\\/hank.brussels\\\/fr\\\/\",\"logo\":{\"@type\":\"ImageObject\",\"inLanguage\":\"fr-FR\",\"@id\":\"https:\\\/\\\/hank.brussels\\\/fr\\\/#\\\/schema\\\/logo\\\/image\\\/\",\"url\":\"https:\\\/\\\/hank.brussels\\\/wp-content\\\/uploads\\\/2023\\\/10\\\/Fichier-4.svg\",\"contentUrl\":\"https:\\\/\\\/hank.brussels\\\/wp-content\\\/uploads\\\/2023\\\/10\\\/Fichier-4.svg\",\"width\":295,\"height\":295,\"caption\":\"Hank Studio SNC\"},\"image\":{\"@id\":\"https:\\\/\\\/hank.brussels\\\/fr\\\/#\\\/schema\\\/logo\\\/image\\\/\"},\"sameAs\":[\"https:\\\/\\\/www.facebook.com\\\/HankBrssls\\\/\",\"https:\\\/\\\/www.instagram.com\\\/hank.brussels\\\/\"],\"description\":\"Hank is a creative studio and brand based in Brussels. We offer eco-friendly et thoughtful objects for your everyday life.\",\"email\":\"hello@hank.brussels\",\"telephone\":\"+32 488 24 68 58\",\"legalName\":\"Hank Studio SNC\",\"foundingDate\":\"2021-05-21\",\"vatID\":\"BE0768986306\",\"taxID\":\"0768986306\",\"numberOfEmployees\":{\"@type\":\"QuantitativeValue\",\"minValue\":\"1\",\"maxValue\":\"10\"}}]}<\/script>\n<!-- \/ Yoast SEO Premium plugin. -->","yoast_head_json":{"title":"BANDY | Stone Soap Dish, Purple - Hank Brussels","robots":{"index":"index","follow":"follow","max-snippet":"max-snippet:-1","max-image-preview":"max-image-preview:large","max-video-preview":"max-video-preview:-1"},"canonical":"https:\/\/hank.brussels\/fr\/produit\/bandy-soap-dish-and-coaster-purple\/","og_locale":"fr_FR","og_type":"article","og_title":"BANDY | Stone Soap Dish, Purple","og_description":"Rehaussez votre int\u00e9rieur avec le design \u00e9pur\u00e9 de notre porte-savon et dessous de verre Bandy. Cet accessoire \u00e9l\u00e9gant s\u2019inspire du serpent bandy-bandy, reproduisant sa fluidit\u00e9 dans une forme qui permet \u00e0 l\u2019eau de s\u2019\u00e9couler facilement, gardant vos savons secs et durables. En tant que dessous de verre, sa surface textur\u00e9e offre une adh\u00e9rence, \u00e9vitant les glissements et emp\u00eachant l\u2019effet de succion caus\u00e9 par l\u2019humidit\u00e9. Sa teinte violette rafra\u00eechissante et son design ludique en font un atout color\u00e9 \u00e0 n\u2019importe quelle cuisine, salon ou salle de bain. M\u00e9langez et assortissez pour identifier votre boisson lors de vos soir\u00e9es entre amis. Parfait pour les d\u00e9cors modernes et minimalistes, ce porte-savon et dessous de verre ajoute une touche de charme raffin\u00e9 \u00e0 n\u2019importe quel environnement.","og_url":"https:\/\/hank.brussels\/fr\/produit\/bandy-soap-dish-and-coaster-purple\/","og_site_name":"Hank Brussels","article_publisher":"https:\/\/www.facebook.com\/HankBrssls\/","article_modified_time":"2026-02-19T11:59:25+00:00","og_image":[{"width":920,"height":1200,"url":"https:\/\/hank.brussels\/wp-content\/uploads\/2024\/01\/BANDY-PUR-920x1200-1.webp","type":"image\/webp"}],"twitter_card":"summary_large_image","schema":{"@context":"https:\/\/schema.org","@graph":[{"@type":"WebPage","@id":"https:\/\/hank.brussels\/fr\/produit\/bandy-soap-dish-and-coaster-purple\/","url":"https:\/\/hank.brussels\/fr\/produit\/bandy-soap-dish-and-coaster-purple\/","name":"BANDY | Stone Soap Dish, Purple - Hank Brussels","isPartOf":{"@id":"https:\/\/hank.brussels\/fr\/#website"},"primaryImageOfPage":{"@id":"https:\/\/hank.brussels\/fr\/produit\/bandy-soap-dish-and-coaster-purple\/#primaryimage"},"image":{"@id":"https:\/\/hank.brussels\/fr\/produit\/bandy-soap-dish-and-coaster-purple\/#primaryimage"},"thumbnailUrl":"https:\/\/hank.brussels\/wp-content\/uploads\/2024\/01\/BANDY-PUR-920x1200-1.webp","datePublished":"2024-01-25T16:04:55+00:00","dateModified":"2026-02-19T11:59:25+00:00","breadcrumb":{"@id":"https:\/\/hank.brussels\/fr\/produit\/bandy-soap-dish-and-coaster-purple\/#breadcrumb"},"inLanguage":"fr-FR","potentialAction":[{"@type":"ReadAction","target":["https:\/\/hank.brussels\/fr\/produit\/bandy-soap-dish-and-coaster-purple\/"]}]},{"@type":"ImageObject","inLanguage":"fr-FR","@id":"https:\/\/hank.brussels\/fr\/produit\/bandy-soap-dish-and-coaster-purple\/#primaryimage","url":"https:\/\/hank.brussels\/wp-content\/uploads\/2024\/01\/BANDY-PUR-920x1200-1.webp","contentUrl":"https:\/\/hank.brussels\/wp-content\/uploads\/2024\/01\/BANDY-PUR-920x1200-1.webp","width":920,"height":1200,"caption":"Keep your soap dry or your glass steady with our Bandy soap dish and coaster, inspired by the fluid lines of the bandy-bandy snake."},{"@type":"BreadcrumbList","@id":"https:\/\/hank.brussels\/fr\/produit\/bandy-soap-dish-and-coaster-purple\/#breadcrumb","itemListElement":[{"@type":"ListItem","position":1,"name":"Accueil","item":"https:\/\/hank.brussels\/fr\/"},{"@type":"ListItem","position":2,"name":"Catalogue","item":"https:\/\/hank.brussels\/fr\/catalogue-2\/"},{"@type":"ListItem","position":3,"name":"BANDY | Stone Soap Dish, Purple"}]},{"@type":"WebSite","@id":"https:\/\/hank.brussels\/fr\/#website","url":"https:\/\/hank.brussels\/fr\/","name":"Hank Brussels","description":"Clean Skin. Dirty Mind. Since 2021.","publisher":{"@id":"https:\/\/hank.brussels\/fr\/#organization"},"alternateName":"Hank","potentialAction":[{"@type":"SearchAction","target":{"@type":"EntryPoint","urlTemplate":"https:\/\/hank.brussels\/fr\/?s={search_term_string}"},"query-input":{"@type":"PropertyValueSpecification","valueRequired":true,"valueName":"search_term_string"}}],"inLanguage":"fr-FR"},{"@type":"Organization","@id":"https:\/\/hank.brussels\/fr\/#organization","name":"Hank Studio SNC","alternateName":"Hank","url":"https:\/\/hank.brussels\/fr\/","logo":{"@type":"ImageObject","inLanguage":"fr-FR","@id":"https:\/\/hank.brussels\/fr\/#\/schema\/logo\/image\/","url":"https:\/\/hank.brussels\/wp-content\/uploads\/2023\/10\/Fichier-4.svg","contentUrl":"https:\/\/hank.brussels\/wp-content\/uploads\/2023\/10\/Fichier-4.svg","width":295,"height":295,"caption":"Hank Studio SNC"},"image":{"@id":"https:\/\/hank.brussels\/fr\/#\/schema\/logo\/image\/"},"sameAs":["https:\/\/www.facebook.com\/HankBrssls\/","https:\/\/www.instagram.com\/hank.brussels\/"],"description":"Hank is a creative studio and brand based in Brussels. We offer eco-friendly et thoughtful objects for your everyday life.","email":"hello@hank.brussels","telephone":"+32 488 24 68 58","legalName":"Hank Studio SNC","foundingDate":"2021-05-21","vatID":"BE0768986306","taxID":"0768986306","numberOfEmployees":{"@type":"QuantitativeValue","minValue":"1","maxValue":"10"}}]}},"_links":{"self":[{"href":"https:\/\/hank.brussels\/fr\/wp-json\/wp\/v2\/product\/2324","targetHints":{"allow":["GET"]}}],"collection":[{"href":"https:\/\/hank.brussels\/fr\/wp-json\/wp\/v2\/product"}],"about":[{"href":"https:\/\/hank.brussels\/fr\/wp-json\/wp\/v2\/types\/product"}],"replies":[{"embeddable":true,"href":"https:\/\/hank.brussels\/fr\/wp-json\/wp\/v2\/comments?post=2324"}],"version-history":[{"count":1,"href":"https:\/\/hank.brussels\/fr\/wp-json\/wp\/v2\/product\/2324\/revisions"}],"predecessor-version":[{"id":7173,"href":"https:\/\/hank.brussels\/fr\/wp-json\/wp\/v2\/product\/2324\/revisions\/7173"}],"wp:featuredmedia":[{"embeddable":true,"href":"https:\/\/hank.brussels\/fr\/wp-json\/wp\/v2\/media\/2325"}],"wp:attachment":[{"href":"https:\/\/hank.brussels\/fr\/wp-json\/wp\/v2\/media?parent=2324"}],"wp:term":[{"taxonomy":"brand","embeddable":true,"href":"https:\/\/hank.brussels\/fr\/wp-json\/wp\/v2\/etheme_brands?post=2324"},{"taxonomy":"product_brand","embeddable":true,"href":"https:\/\/hank.brussels\/fr\/wp-json\/wp\/v2\/product_brand?post=2324"},{"taxonomy":"product_cat","embeddable":true,"href":"https:\/\/hank.brussels\/fr\/wp-json\/wp\/v2\/product_cat?post=2324"},{"taxonomy":"product_tag","embeddable":true,"href":"https:\/\/hank.brussels\/fr\/wp-json\/wp\/v2\/product_tag?post=2324"}],"curies":[{"name":"wp","href":"https:\/\/api.w.org\/{rel}","templated":true}]}}