{"id":3398,"date":"2024-01-24T12:07:44","date_gmt":"2024-01-24T11:07:44","guid":{"rendered":"https:\/\/hank.brussels\/produit\/plateau-hoop-dripping-bleu\/"},"modified":"2024-11-05T13:00:40","modified_gmt":"2024-11-05T12:00:40","slug":"plateau-hoop-dripping-bleu","status":"publish","type":"product","link":"https:\/\/hank.brussels\/fr\/produit\/plateau-hoop-dripping-bleu\/","title":{"rendered":"Plateau HOOP, dripping bleu"},"content":{"rendered":"\t\t<div data-elementor-type=\"wp-post\" data-elementor-id=\"3398\" class=\"elementor elementor-3398 elementor-2122\" data-elementor-post-type=\"product\">\n\t\t\t\t\t\t<section class=\"elementor-section elementor-top-section elementor-element elementor-element-1bf932c elementor-section-boxed elementor-section-height-default elementor-section-height-default\" data-id=\"1bf932c\" data-element_type=\"section\" data-e-type=\"section\">\n\t\t\t\t\t\t<div class=\"elementor-container elementor-column-gap-custom\">\n\t\t\t\t\t<div class=\"elementor-column elementor-col-50 elementor-top-column elementor-element elementor-element-463f6e4\" data-id=\"463f6e4\" data-element_type=\"column\" data-e-type=\"column\">\n\t\t\t<div class=\"elementor-widget-wrap elementor-element-populated\">\n\t\t\t\t\t\t<div class=\"elementor-element elementor-element-88d1d28 elementor-widget elementor-widget-heading\" data-id=\"88d1d28\" data-element_type=\"widget\" data-e-type=\"widget\" data-widget_type=\"heading.default\">\n\t\t\t\t<div class=\"elementor-widget-container\">\n\t\t\t\t\t<h2 class=\"elementor-heading-title elementor-size-default\">Sp\u00e9cifications<\/h2>\t\t\t\t<\/div>\n\t\t\t\t<\/div>\n\t\t\t\t<div class=\"elementor-element elementor-element-6851e2f elementor-widget elementor-widget-etheme_icon_list\" data-id=\"6851e2f\" data-element_type=\"widget\" data-e-type=\"widget\" data-widget_type=\"etheme_icon_list.default\">\n\t\t\t\t<div class=\"elementor-widget-container\">\n\t\t\t\t\t            <div class=\"etheme-icon-list\">\n                                        <div class=\"etheme-icon-list-item elementor-repeater-item-51a7bf7\">\n                                                                \n                                    <span class=\"etheme-icon-list-item-icon\">\n                                        <span class=\"etheme-icon-list-item-icon-inner\">\n                                        .                                        <\/span>\n                                    <\/span>\n                                    \n                                                            \n                            <span class=\"etheme-icon-list-item-text\">\n                                Fabriqu\u00e9 \u00e0 la main en Belgique                            <\/span>\n                                                    <\/div>\n                                            <div class=\"etheme-icon-list-item elementor-repeater-item-f8a6fe5\">\n                                                                \n                                    <span class=\"etheme-icon-list-item-icon\">\n                                        <span class=\"etheme-icon-list-item-icon-inner\">\n                                        .                                        <\/span>\n                                    <\/span>\n                                    \n                                                            \n                            <span class=\"etheme-icon-list-item-text\">\n                                Dimensions - 30 x 2.5 cm                            <\/span>\n                                                    <\/div>\n                                            <div class=\"etheme-icon-list-item elementor-repeater-item-f3a5a2c\">\n                                                                \n                                    <span class=\"etheme-icon-list-item-icon\">\n                                        <span class=\"etheme-icon-list-item-icon-inner\">\n                                        .                                        <\/span>\n                                    <\/span>\n                                    \n                                                            \n                            <span class=\"etheme-icon-list-item-text\">\n                                Mat\u00e9riau - Jesmonite                            <\/span>\n                                                    <\/div>\n                                <\/div>\n        \n        \t\t\t\t<\/div>\n\t\t\t\t<\/div>\n\t\t\t\t\t<\/div>\n\t\t<\/div>\n\t\t\t\t<div class=\"elementor-column elementor-col-50 elementor-top-column elementor-element elementor-element-f127cfe\" data-id=\"f127cfe\" data-element_type=\"column\" data-e-type=\"column\">\n\t\t\t<div class=\"elementor-widget-wrap elementor-element-populated\">\n\t\t\t\t\t\t<div class=\"elementor-element elementor-element-d49f2f1 elementor-widget elementor-widget-heading\" data-id=\"d49f2f1\" data-element_type=\"widget\" data-e-type=\"widget\" data-widget_type=\"heading.default\">\n\t\t\t\t<div class=\"elementor-widget-container\">\n\t\t\t\t\t<h2 class=\"elementor-heading-title elementor-size-default\">Comment nettoyer le plateau du cerceau ?  <\/h2>\t\t\t\t<\/div>\n\t\t\t\t<\/div>\n\t\t\t\t<div class=\"elementor-element elementor-element-f065ad5 elementor-widget elementor-widget-text-editor\" data-id=\"f065ad5\" data-element_type=\"widget\" data-e-type=\"widget\" data-widget_type=\"text-editor.default\">\n\t\t\t\t<div class=\"elementor-widget-container\">\n\t\t\t\t\t\t\t\t\t<p class=\"p1\">Pour un entretien quotidien, utilisez un chiffon sec ou humide tel qu&rsquo;un chamois ou un chiffon en microfibre.<\/p>\n<p>Si des taches sont apparues, lavez \u00e0 l&rsquo;eau et utilisez \u00e9ventuellement un d\u00e9tergent doux. Si les t\u00e2ches sont incrust\u00e9es dans la surface poreuse, humidifiez la zone concern\u00e9e et saupoudrez la tache avec de la terre de sommi\u00e8re, jusqu&rsquo;\u00e0 absorption compl\u00e8te de la tache. Renouvelez l&rsquo;op\u00e9ration si n\u00e9cessaire. Enlever la terre puis nettoyer la surface avec un chiffon. N&rsquo;utilisez pas de vinaigre car il est trop acide pour sa surface poreuse.<\/p>\n<p>S\u00e9chez la surface, puis appliquez une huile incolore pour les pierres poreuses, ou utilisez un produit de traitement sp\u00e9cialis\u00e9.<\/p>\n\t\t\t\t\t\t\t\t<\/div>\n\t\t\t\t<\/div>\n\t\t\t\t<div class=\"elementor-element elementor-element-8979b5f elementor-widget elementor-widget-heading\" data-id=\"8979b5f\" data-element_type=\"widget\" data-e-type=\"widget\" data-widget_type=\"heading.default\">\n\t\t\t\t<div class=\"elementor-widget-container\">\n\t\t\t\t\t<h2 class=\"elementor-heading-title elementor-size-default\">Comment puis-je recycler mes articles Hank ?<\/h2>\t\t\t\t<\/div>\n\t\t\t\t<\/div>\n\t\t\t\t<div class=\"elementor-element elementor-element-e270020 elementor-widget elementor-widget-text-editor\" data-id=\"e270020\" data-element_type=\"widget\" data-e-type=\"widget\" data-widget_type=\"text-editor.default\">\n\t\t\t\t<div class=\"elementor-widget-container\">\n\t\t\t\t\t\t\t\t\t<p>Si ceux-ci ne vous plaisent plus, vous pouvez les recycler de la m\u00eame fa\u00e7on que l&rsquo;argile et la c\u00e9ramique, dans votre centre de recyclage local.<\/p>\n\t\t\t\t\t\t\t\t<\/div>\n\t\t\t\t<\/div>\n\t\t\t\t\t<\/div>\n\t\t<\/div>\n\t\t\t\t\t<\/div>\n\t\t<\/section>\n\t\t\t\t<\/div>\n\t\t","protected":false},"excerpt":{"rendered":"<p class=\"p1\">Voil\u00e0 HOOP, pas juste un plateau, mais le nouveau must-have pour ceux qui mixent style et convivialit\u00e9 sans effort. Avec son cerceau color\u00e9, il casse les codes et apporte ce je-ne-sais-quoi de luxe d\u00e9contract\u00e9 \u00e0 votre d\u00e9co. C&rsquo;est sportif, c&rsquo;est chic, et \u00e7a dit \u00ab\u00a0oui\u00a0\u00bb \u00e0 la stabilit\u00e9 sans sacrifier le fun, gr\u00e2ce \u00e0 une prise en main intuitive qui fait toute la diff\u00e9rence. Chaque HOOP est cr\u00e9\u00e9 sur commande, parce que l&rsquo;unique, \u00e7a nous parle. Attendez-vous \u00e0 une livraison sous 5 \u00e0 10 jours, mais sachez-le : ce n&rsquo;est pas juste un d\u00e9lai d&rsquo;envoi. C&rsquo;est le temps n\u00e9cessaire pour peaufiner un objet qui va devenir le centre des attentions \u00e0 votre prochain ap\u00e9ro.<\/p>\n","protected":false},"featured_media":1581,"comment_status":"open","ping_status":"closed","template":"","meta":[],"etheme_brands":[],"product_brand":[],"product_cat":[259],"product_tag":[60],"class_list":{"0":"post-3398","1":"product","2":"type-product","3":"status-publish","4":"has-post-thumbnail","6":"product_cat-archive","7":"product_tag-terracotta","9":"first","10":"outofstock","11":"taxable","12":"shipping-taxable","13":"purchasable","14":"product-type-simple"},"yoast_head":"<!-- This site is optimized with the Yoast SEO Premium plugin v27.3 (Yoast SEO v27.3) - https:\/\/yoast.com\/product\/yoast-seo-premium-wordpress\/ -->\n<title>Plateau HOOP, dripping bleu - Hank Brussels<\/title>\n<meta name=\"robots\" content=\"index, follow, max-snippet:-1, max-image-preview:large, max-video-preview:-1\" \/>\n<link rel=\"canonical\" href=\"https:\/\/hank.brussels\/fr\/produit\/plateau-hoop-dripping-bleu\/\" \/>\n<meta property=\"og:locale\" content=\"fr_FR\" \/>\n<meta property=\"og:type\" content=\"article\" \/>\n<meta property=\"og:title\" content=\"Plateau HOOP, dripping bleu\" \/>\n<meta property=\"og:description\" content=\"Voil\u00e0 HOOP, pas juste un plateau, mais le nouveau must-have pour ceux qui mixent style et convivialit\u00e9 sans effort. Avec son cerceau color\u00e9, il casse les codes et apporte ce je-ne-sais-quoi de luxe d\u00e9contract\u00e9 \u00e0 votre d\u00e9co. C&#039;est sportif, c&#039;est chic, et \u00e7a dit &quot;oui&quot; \u00e0 la stabilit\u00e9 sans sacrifier le fun, gr\u00e2ce \u00e0 une prise en main intuitive qui fait toute la diff\u00e9rence. Chaque HOOP est cr\u00e9\u00e9 sur commande, parce que l&#039;unique, \u00e7a nous parle. Attendez-vous \u00e0 une livraison sous 5 \u00e0 10 jours, mais sachez-le : ce n&#039;est pas juste un d\u00e9lai d&#039;envoi. C&#039;est le temps n\u00e9cessaire pour peaufiner un objet qui va devenir le centre des attentions \u00e0 votre prochain ap\u00e9ro.\" \/>\n<meta property=\"og:url\" content=\"https:\/\/hank.brussels\/fr\/produit\/plateau-hoop-dripping-bleu\/\" \/>\n<meta property=\"og:site_name\" content=\"Hank Brussels\" \/>\n<meta property=\"article:publisher\" content=\"https:\/\/www.facebook.com\/HankBrssls\/\" \/>\n<meta property=\"article:modified_time\" content=\"2024-11-05T12:00:40+00:00\" \/>\n<meta property=\"og:image\" content=\"https:\/\/i0.wp.com\/hank.brussels\/wp-content\/uploads\/2023\/12\/HOOP-DRIP-920x1200-1.jpg?fit=920%2C1200&ssl=1\" \/>\n\t<meta property=\"og:image:width\" content=\"920\" \/>\n\t<meta property=\"og:image:height\" content=\"1200\" \/>\n\t<meta property=\"og:image:type\" content=\"image\/jpeg\" \/>\n<meta name=\"twitter:card\" content=\"summary_large_image\" \/>\n<script type=\"application\/ld+json\" class=\"yoast-schema-graph\">{\"@context\":\"https:\\\/\\\/schema.org\",\"@graph\":[{\"@type\":\"WebPage\",\"@id\":\"https:\\\/\\\/hank.brussels\\\/fr\\\/produit\\\/plateau-hoop-dripping-bleu\\\/\",\"url\":\"https:\\\/\\\/hank.brussels\\\/fr\\\/produit\\\/plateau-hoop-dripping-bleu\\\/\",\"name\":\"Plateau HOOP, dripping bleu - Hank Brussels\",\"isPartOf\":{\"@id\":\"https:\\\/\\\/hank.brussels\\\/fr\\\/#website\"},\"primaryImageOfPage\":{\"@id\":\"https:\\\/\\\/hank.brussels\\\/fr\\\/produit\\\/plateau-hoop-dripping-bleu\\\/#primaryimage\"},\"image\":{\"@id\":\"https:\\\/\\\/hank.brussels\\\/fr\\\/produit\\\/plateau-hoop-dripping-bleu\\\/#primaryimage\"},\"thumbnailUrl\":\"https:\\\/\\\/hank.brussels\\\/wp-content\\\/uploads\\\/2023\\\/12\\\/HOOP-DRIP-920x1200-1.jpg\",\"datePublished\":\"2024-01-24T11:07:44+00:00\",\"dateModified\":\"2024-11-05T12:00:40+00:00\",\"breadcrumb\":{\"@id\":\"https:\\\/\\\/hank.brussels\\\/fr\\\/produit\\\/plateau-hoop-dripping-bleu\\\/#breadcrumb\"},\"inLanguage\":\"fr-FR\",\"potentialAction\":[{\"@type\":\"ReadAction\",\"target\":[\"https:\\\/\\\/hank.brussels\\\/fr\\\/produit\\\/plateau-hoop-dripping-bleu\\\/\"]}]},{\"@type\":\"ImageObject\",\"inLanguage\":\"fr-FR\",\"@id\":\"https:\\\/\\\/hank.brussels\\\/fr\\\/produit\\\/plateau-hoop-dripping-bleu\\\/#primaryimage\",\"url\":\"https:\\\/\\\/hank.brussels\\\/wp-content\\\/uploads\\\/2023\\\/12\\\/HOOP-DRIP-920x1200-1.jpg\",\"contentUrl\":\"https:\\\/\\\/hank.brussels\\\/wp-content\\\/uploads\\\/2023\\\/12\\\/HOOP-DRIP-920x1200-1.jpg\",\"width\":920,\"height\":1200,\"caption\":\"HOOP Aperitif Tray: Elevate your hosting with our dynamic, terracotta-hooped and blue dripped tray, perfect for any interior.\"},{\"@type\":\"BreadcrumbList\",\"@id\":\"https:\\\/\\\/hank.brussels\\\/fr\\\/produit\\\/plateau-hoop-dripping-bleu\\\/#breadcrumb\",\"itemListElement\":[{\"@type\":\"ListItem\",\"position\":1,\"name\":\"Accueil\",\"item\":\"https:\\\/\\\/hank.brussels\\\/fr\\\/\"},{\"@type\":\"ListItem\",\"position\":2,\"name\":\"Catalogue\",\"item\":\"https:\\\/\\\/hank.brussels\\\/fr\\\/catalogue-2\\\/\"},{\"@type\":\"ListItem\",\"position\":3,\"name\":\"Plateau HOOP, dripping bleu\"}]},{\"@type\":\"WebSite\",\"@id\":\"https:\\\/\\\/hank.brussels\\\/fr\\\/#website\",\"url\":\"https:\\\/\\\/hank.brussels\\\/fr\\\/\",\"name\":\"Hank Brussels\",\"description\":\"Clean Skin. Dirty Mind. Since 2021.\",\"publisher\":{\"@id\":\"https:\\\/\\\/hank.brussels\\\/fr\\\/#organization\"},\"alternateName\":\"Hank\",\"potentialAction\":[{\"@type\":\"SearchAction\",\"target\":{\"@type\":\"EntryPoint\",\"urlTemplate\":\"https:\\\/\\\/hank.brussels\\\/fr\\\/?s={search_term_string}\"},\"query-input\":{\"@type\":\"PropertyValueSpecification\",\"valueRequired\":true,\"valueName\":\"search_term_string\"}}],\"inLanguage\":\"fr-FR\"},{\"@type\":\"Organization\",\"@id\":\"https:\\\/\\\/hank.brussels\\\/fr\\\/#organization\",\"name\":\"Hank Studio SNC\",\"alternateName\":\"Hank\",\"url\":\"https:\\\/\\\/hank.brussels\\\/fr\\\/\",\"logo\":{\"@type\":\"ImageObject\",\"inLanguage\":\"fr-FR\",\"@id\":\"https:\\\/\\\/hank.brussels\\\/fr\\\/#\\\/schema\\\/logo\\\/image\\\/\",\"url\":\"https:\\\/\\\/hank.brussels\\\/wp-content\\\/uploads\\\/2023\\\/10\\\/Fichier-4.svg\",\"contentUrl\":\"https:\\\/\\\/hank.brussels\\\/wp-content\\\/uploads\\\/2023\\\/10\\\/Fichier-4.svg\",\"width\":295,\"height\":295,\"caption\":\"Hank Studio SNC\"},\"image\":{\"@id\":\"https:\\\/\\\/hank.brussels\\\/fr\\\/#\\\/schema\\\/logo\\\/image\\\/\"},\"sameAs\":[\"https:\\\/\\\/www.facebook.com\\\/HankBrssls\\\/\",\"https:\\\/\\\/www.instagram.com\\\/hank.brussels\\\/\"],\"description\":\"Hank is a creative studio and brand based in Brussels. We offer eco-friendly et thoughtful objects for your everyday life.\",\"email\":\"hello@hank.brussels\",\"telephone\":\"+32 488 24 68 58\",\"legalName\":\"Hank Studio SNC\",\"foundingDate\":\"2021-05-21\",\"vatID\":\"BE0768986306\",\"taxID\":\"0768986306\",\"numberOfEmployees\":{\"@type\":\"QuantitativeValue\",\"minValue\":\"1\",\"maxValue\":\"10\"}}]}<\/script>\n<!-- \/ Yoast SEO Premium plugin. -->","yoast_head_json":{"title":"Plateau HOOP, dripping bleu - Hank Brussels","robots":{"index":"index","follow":"follow","max-snippet":"max-snippet:-1","max-image-preview":"max-image-preview:large","max-video-preview":"max-video-preview:-1"},"canonical":"https:\/\/hank.brussels\/fr\/produit\/plateau-hoop-dripping-bleu\/","og_locale":"fr_FR","og_type":"article","og_title":"Plateau HOOP, dripping bleu","og_description":"Voil\u00e0 HOOP, pas juste un plateau, mais le nouveau must-have pour ceux qui mixent style et convivialit\u00e9 sans effort. Avec son cerceau color\u00e9, il casse les codes et apporte ce je-ne-sais-quoi de luxe d\u00e9contract\u00e9 \u00e0 votre d\u00e9co. C'est sportif, c'est chic, et \u00e7a dit \"oui\" \u00e0 la stabilit\u00e9 sans sacrifier le fun, gr\u00e2ce \u00e0 une prise en main intuitive qui fait toute la diff\u00e9rence. Chaque HOOP est cr\u00e9\u00e9 sur commande, parce que l'unique, \u00e7a nous parle. Attendez-vous \u00e0 une livraison sous 5 \u00e0 10 jours, mais sachez-le : ce n'est pas juste un d\u00e9lai d'envoi. C'est le temps n\u00e9cessaire pour peaufiner un objet qui va devenir le centre des attentions \u00e0 votre prochain ap\u00e9ro.","og_url":"https:\/\/hank.brussels\/fr\/produit\/plateau-hoop-dripping-bleu\/","og_site_name":"Hank Brussels","article_publisher":"https:\/\/www.facebook.com\/HankBrssls\/","article_modified_time":"2024-11-05T12:00:40+00:00","og_image":[{"width":920,"height":1200,"url":"https:\/\/i0.wp.com\/hank.brussels\/wp-content\/uploads\/2023\/12\/HOOP-DRIP-920x1200-1.jpg?fit=920%2C1200&ssl=1","type":"image\/jpeg"}],"twitter_card":"summary_large_image","schema":{"@context":"https:\/\/schema.org","@graph":[{"@type":"WebPage","@id":"https:\/\/hank.brussels\/fr\/produit\/plateau-hoop-dripping-bleu\/","url":"https:\/\/hank.brussels\/fr\/produit\/plateau-hoop-dripping-bleu\/","name":"Plateau HOOP, dripping bleu - Hank Brussels","isPartOf":{"@id":"https:\/\/hank.brussels\/fr\/#website"},"primaryImageOfPage":{"@id":"https:\/\/hank.brussels\/fr\/produit\/plateau-hoop-dripping-bleu\/#primaryimage"},"image":{"@id":"https:\/\/hank.brussels\/fr\/produit\/plateau-hoop-dripping-bleu\/#primaryimage"},"thumbnailUrl":"https:\/\/hank.brussels\/wp-content\/uploads\/2023\/12\/HOOP-DRIP-920x1200-1.jpg","datePublished":"2024-01-24T11:07:44+00:00","dateModified":"2024-11-05T12:00:40+00:00","breadcrumb":{"@id":"https:\/\/hank.brussels\/fr\/produit\/plateau-hoop-dripping-bleu\/#breadcrumb"},"inLanguage":"fr-FR","potentialAction":[{"@type":"ReadAction","target":["https:\/\/hank.brussels\/fr\/produit\/plateau-hoop-dripping-bleu\/"]}]},{"@type":"ImageObject","inLanguage":"fr-FR","@id":"https:\/\/hank.brussels\/fr\/produit\/plateau-hoop-dripping-bleu\/#primaryimage","url":"https:\/\/hank.brussels\/wp-content\/uploads\/2023\/12\/HOOP-DRIP-920x1200-1.jpg","contentUrl":"https:\/\/hank.brussels\/wp-content\/uploads\/2023\/12\/HOOP-DRIP-920x1200-1.jpg","width":920,"height":1200,"caption":"HOOP Aperitif Tray: Elevate your hosting with our dynamic, terracotta-hooped and blue dripped tray, perfect for any interior."},{"@type":"BreadcrumbList","@id":"https:\/\/hank.brussels\/fr\/produit\/plateau-hoop-dripping-bleu\/#breadcrumb","itemListElement":[{"@type":"ListItem","position":1,"name":"Accueil","item":"https:\/\/hank.brussels\/fr\/"},{"@type":"ListItem","position":2,"name":"Catalogue","item":"https:\/\/hank.brussels\/fr\/catalogue-2\/"},{"@type":"ListItem","position":3,"name":"Plateau HOOP, dripping bleu"}]},{"@type":"WebSite","@id":"https:\/\/hank.brussels\/fr\/#website","url":"https:\/\/hank.brussels\/fr\/","name":"Hank Brussels","description":"Clean Skin. Dirty Mind. Since 2021.","publisher":{"@id":"https:\/\/hank.brussels\/fr\/#organization"},"alternateName":"Hank","potentialAction":[{"@type":"SearchAction","target":{"@type":"EntryPoint","urlTemplate":"https:\/\/hank.brussels\/fr\/?s={search_term_string}"},"query-input":{"@type":"PropertyValueSpecification","valueRequired":true,"valueName":"search_term_string"}}],"inLanguage":"fr-FR"},{"@type":"Organization","@id":"https:\/\/hank.brussels\/fr\/#organization","name":"Hank Studio SNC","alternateName":"Hank","url":"https:\/\/hank.brussels\/fr\/","logo":{"@type":"ImageObject","inLanguage":"fr-FR","@id":"https:\/\/hank.brussels\/fr\/#\/schema\/logo\/image\/","url":"https:\/\/hank.brussels\/wp-content\/uploads\/2023\/10\/Fichier-4.svg","contentUrl":"https:\/\/hank.brussels\/wp-content\/uploads\/2023\/10\/Fichier-4.svg","width":295,"height":295,"caption":"Hank Studio SNC"},"image":{"@id":"https:\/\/hank.brussels\/fr\/#\/schema\/logo\/image\/"},"sameAs":["https:\/\/www.facebook.com\/HankBrssls\/","https:\/\/www.instagram.com\/hank.brussels\/"],"description":"Hank is a creative studio and brand based in Brussels. We offer eco-friendly et thoughtful objects for your everyday life.","email":"hello@hank.brussels","telephone":"+32 488 24 68 58","legalName":"Hank Studio SNC","foundingDate":"2021-05-21","vatID":"BE0768986306","taxID":"0768986306","numberOfEmployees":{"@type":"QuantitativeValue","minValue":"1","maxValue":"10"}}]}},"_links":{"self":[{"href":"https:\/\/hank.brussels\/fr\/wp-json\/wp\/v2\/product\/3398","targetHints":{"allow":["GET"]}}],"collection":[{"href":"https:\/\/hank.brussels\/fr\/wp-json\/wp\/v2\/product"}],"about":[{"href":"https:\/\/hank.brussels\/fr\/wp-json\/wp\/v2\/types\/product"}],"replies":[{"embeddable":true,"href":"https:\/\/hank.brussels\/fr\/wp-json\/wp\/v2\/comments?post=3398"}],"version-history":[{"count":0,"href":"https:\/\/hank.brussels\/fr\/wp-json\/wp\/v2\/product\/3398\/revisions"}],"wp:featuredmedia":[{"embeddable":true,"href":"https:\/\/hank.brussels\/fr\/wp-json\/wp\/v2\/media\/1581"}],"wp:attachment":[{"href":"https:\/\/hank.brussels\/fr\/wp-json\/wp\/v2\/media?parent=3398"}],"wp:term":[{"taxonomy":"brand","embeddable":true,"href":"https:\/\/hank.brussels\/fr\/wp-json\/wp\/v2\/etheme_brands?post=3398"},{"taxonomy":"product_brand","embeddable":true,"href":"https:\/\/hank.brussels\/fr\/wp-json\/wp\/v2\/product_brand?post=3398"},{"taxonomy":"product_cat","embeddable":true,"href":"https:\/\/hank.brussels\/fr\/wp-json\/wp\/v2\/product_cat?post=3398"},{"taxonomy":"product_tag","embeddable":true,"href":"https:\/\/hank.brussels\/fr\/wp-json\/wp\/v2\/product_tag?post=3398"}],"curies":[{"name":"wp","href":"https:\/\/api.w.org\/{rel}","templated":true}]}}