{"id":3422,"date":"2024-01-23T14:50:15","date_gmt":"2024-01-23T13:50:15","guid":{"rendered":"https:\/\/hank.brussels\/produit\/patere-murale-paperhank-noir\/"},"modified":"2025-07-11T16:17:13","modified_gmt":"2025-07-11T15:17:13","slug":"patere-murale-paperhank-noir","status":"publish","type":"product","link":"https:\/\/hank.brussels\/fr\/produit\/patere-murale-paperhank-noir\/","title":{"rendered":"Pat\u00e8re Murale PAPERHANK &#8211; noir"},"content":{"rendered":"\t\t<div data-elementor-type=\"wp-post\" data-elementor-id=\"3422\" class=\"elementor elementor-3422 elementor-2079\" data-elementor-post-type=\"product\">\n\t\t\t\t\t\t<section class=\"elementor-section elementor-top-section elementor-element elementor-element-406f65af elementor-section-boxed elementor-section-height-default elementor-section-height-default\" data-id=\"406f65af\" data-element_type=\"section\" data-e-type=\"section\">\n\t\t\t\t\t\t<div class=\"elementor-container elementor-column-gap-custom\">\n\t\t\t\t\t<div class=\"elementor-column elementor-col-50 elementor-top-column elementor-element elementor-element-4d3023de\" data-id=\"4d3023de\" data-element_type=\"column\" data-e-type=\"column\">\n\t\t\t<div class=\"elementor-widget-wrap elementor-element-populated\">\n\t\t\t\t\t\t<div class=\"elementor-element elementor-element-1df63204 elementor-widget elementor-widget-heading\" data-id=\"1df63204\" data-element_type=\"widget\" data-e-type=\"widget\" data-widget_type=\"heading.default\">\n\t\t\t\t<div class=\"elementor-widget-container\">\n\t\t\t\t\t<h2 class=\"elementor-heading-title elementor-size-default\">Sp\u00e9cifications:<\/h2>\t\t\t\t<\/div>\n\t\t\t\t<\/div>\n\t\t\t\t<div class=\"elementor-element elementor-element-2bc93bbf elementor-widget elementor-widget-etheme_icon_list\" data-id=\"2bc93bbf\" data-element_type=\"widget\" data-e-type=\"widget\" data-widget_type=\"etheme_icon_list.default\">\n\t\t\t\t<div class=\"elementor-widget-container\">\n\t\t\t\t\t            <div class=\"etheme-icon-list\">\n                                        <div class=\"etheme-icon-list-item elementor-repeater-item-51a7bf7\">\n                                                                \n                                    <span class=\"etheme-icon-list-item-icon\">\n                                        <span class=\"etheme-icon-list-item-icon-inner\">\n                                        .                                        <\/span>\n                                    <\/span>\n                                    \n                                                            \n                            <span class=\"etheme-icon-list-item-text\">\n                                Fabriqu\u00e9 \u00e0 la main en Belgique                            <\/span>\n                                                    <\/div>\n                                            <div class=\"etheme-icon-list-item elementor-repeater-item-f8a6fe5\">\n                                                                \n                                    <span class=\"etheme-icon-list-item-icon\">\n                                        <span class=\"etheme-icon-list-item-icon-inner\">\n                                        .                                        <\/span>\n                                    <\/span>\n                                    \n                                                            \n                            <span class=\"etheme-icon-list-item-text\">\n                                Dimensions - 5 x 5 cm                            <\/span>\n                                                    <\/div>\n                                            <div class=\"etheme-icon-list-item elementor-repeater-item-f3a5a2c\">\n                                                                \n                                    <span class=\"etheme-icon-list-item-icon\">\n                                        <span class=\"etheme-icon-list-item-icon-inner\">\n                                        .                                        <\/span>\n                                    <\/span>\n                                    \n                                                            \n                            <span class=\"etheme-icon-list-item-text\">\n                                Mat\u00e9riau - Jesmonite                            <\/span>\n                                                    <\/div>\n                                <\/div>\n        \n        \t\t\t\t<\/div>\n\t\t\t\t<\/div>\n\t\t\t\t\t<\/div>\n\t\t<\/div>\n\t\t\t\t<div class=\"elementor-column elementor-col-50 elementor-top-column elementor-element elementor-element-4d8b2c20\" data-id=\"4d8b2c20\" data-element_type=\"column\" data-e-type=\"column\">\n\t\t\t<div class=\"elementor-widget-wrap elementor-element-populated\">\n\t\t\t\t\t\t<div class=\"elementor-element elementor-element-23aaa1b2 elementor-widget elementor-widget-heading\" data-id=\"23aaa1b2\" data-element_type=\"widget\" data-e-type=\"widget\" data-widget_type=\"heading.default\">\n\t\t\t\t<div class=\"elementor-widget-container\">\n\t\t\t\t\t<h2 class=\"elementor-heading-title elementor-size-default\">Comment utiliser ma pat\u00e8re Paperhank ? <\/h2>\t\t\t\t<\/div>\n\t\t\t\t<\/div>\n\t\t\t\t<div class=\"elementor-element elementor-element-70526194 elementor-widget elementor-widget-text-editor\" data-id=\"70526194\" data-element_type=\"widget\" data-e-type=\"widget\" data-widget_type=\"text-editor.default\">\n\t\t\t\t<div class=\"elementor-widget-container\">\n\t\t\t\t\t\t\t\t\t<p>Utilisez les ailes de Paperhank pour accrocher votre sac, vos bijoux ou vos accessoires. <span style=\"font-family: inherit; font-size: inherit;\">Pour accrocher un v\u00eatement ou un textile, faites un pli rapide entre vos doigts, puis glissez-le dans la fente Paperhank. Tirez l\u00e9g\u00e8rement pour assurer une bonne prise.<\/span><\/p><p> <\/p>\t\t\t\t\t\t\t\t<\/div>\n\t\t\t\t<\/div>\n\t\t\t\t<div class=\"elementor-element elementor-element-d81a4be elementor-widget elementor-widget-heading\" data-id=\"d81a4be\" data-element_type=\"widget\" data-e-type=\"widget\" data-widget_type=\"heading.default\">\n\t\t\t\t<div class=\"elementor-widget-container\">\n\t\t\t\t\t<h2 class=\"elementor-heading-title elementor-size-default\">Comment fixer votre PAPERHANK sur le mur ?\n\n<\/h2>\t\t\t\t<\/div>\n\t\t\t\t<\/div>\n\t\t\t\t<div class=\"elementor-element elementor-element-6f9684a elementor-widget elementor-widget-text-editor\" data-id=\"6f9684a\" data-element_type=\"widget\" data-e-type=\"widget\" data-widget_type=\"text-editor.default\">\n\t\t\t\t<div class=\"elementor-widget-container\">\n\t\t\t\t\t\t\t\t\t<p>Utilisez une vis \u00e0 t\u00eate plate avec ancre pour fixer fermement votre porte-manteau au mur et vous assurer qu&rsquo;il peut r\u00e9sister au poids de vos v\u00eatements et de vos articles plus lourds. Vous pouvez \u00e9galement le fixer \u00e0 l&rsquo;aide d&rsquo;un adh\u00e9sif sp\u00e9cial sans clous ni vis pour le montage mural. Ne suspendez pas de v\u00eatements excessivement lourds tels que de grands manteaux aux coins du crochet afin de ne pas les affaiblir.<br><\/p>\t\t\t\t\t\t\t\t<\/div>\n\t\t\t\t<\/div>\n\t\t\t\t\t<\/div>\n\t\t<\/div>\n\t\t\t\t\t<\/div>\n\t\t<\/section>\n\t\t\t\t<\/div>\n\t\t","protected":false},"excerpt":{"rendered":"<p>D\u00e9couvrez PAPERHANK, la pat\u00e8re murale con\u00e7ue pour rendre l&rsquo;accrochage de vos v\u00eatements, textiles, accessoires, cl\u00e9s et bijoux plus pratique que jamais. Inspir\u00e9e par l&rsquo;\u00e9l\u00e9gance des avions en papier, elle s&rsquo;inspire particuli\u00e8rement du \u00ab\u00a0paperang\u00a0\u00bb, avec ses deux ailes con\u00e7ues pour accrocher vos objets essentiels. Gr\u00e2ce \u00e0 sa fente astucieuse, vos textiles et habits restent solidement maintenus, sans besoin de crochet.<\/p>\n<p>Son design \u00e9pur\u00e9 s&rsquo;harmonise avec tous les int\u00e9rieurs. M\u00e9langez les couleurs pour une d\u00e9coration encore plus personnalis\u00e9e. Facile \u00e0 installer et incroyablement pratique, les pat\u00e8res murales PAPERHANK sont l&rsquo;accessoire id\u00e9al pour une maison organis\u00e9e et styl\u00e9e.<\/p>\n","protected":false},"featured_media":1658,"comment_status":"open","ping_status":"closed","template":"","meta":[],"etheme_brands":[],"product_brand":[],"product_cat":[47],"product_tag":[],"class_list":{"0":"post-3422","1":"product","2":"type-product","3":"status-publish","4":"has-post-thumbnail","6":"product_cat-accessoires","8":"first","9":"instock","10":"taxable","11":"shipping-taxable","12":"purchasable","13":"product-type-simple"},"yoast_head":"<!-- This site is optimized with the Yoast SEO Premium plugin v27.3 (Yoast SEO v27.3) - https:\/\/yoast.com\/product\/yoast-seo-premium-wordpress\/ -->\n<title>Pat\u00e8re Murale PAPERHANK - noir - Hank Brussels<\/title>\n<meta name=\"robots\" content=\"index, follow, max-snippet:-1, max-image-preview:large, max-video-preview:-1\" \/>\n<link rel=\"canonical\" href=\"https:\/\/hank.brussels\/fr\/produit\/patere-murale-paperhank-noir\/\" \/>\n<meta property=\"og:locale\" content=\"fr_FR\" \/>\n<meta property=\"og:type\" content=\"article\" \/>\n<meta property=\"og:title\" content=\"Pat\u00e8re Murale PAPERHANK - noir\" \/>\n<meta property=\"og:description\" content=\"D\u00e9couvrez PAPERHANK, la pat\u00e8re murale con\u00e7ue pour rendre l&#039;accrochage de vos v\u00eatements, textiles, accessoires, cl\u00e9s et bijoux plus pratique que jamais. Inspir\u00e9e par l&#039;\u00e9l\u00e9gance des avions en papier, elle s&#039;inspire particuli\u00e8rement du &quot;paperang&quot;, avec ses deux ailes con\u00e7ues pour accrocher vos objets essentiels. Gr\u00e2ce \u00e0 sa fente astucieuse, vos textiles et habits restent solidement maintenus, sans besoin de crochet. Son design \u00e9pur\u00e9 s&#039;harmonise avec tous les int\u00e9rieurs. M\u00e9langez les couleurs pour une d\u00e9coration encore plus personnalis\u00e9e. Facile \u00e0 installer et incroyablement pratique, les pat\u00e8res murales PAPERHANK sont l&#039;accessoire id\u00e9al pour une maison organis\u00e9e et styl\u00e9e.\" \/>\n<meta property=\"og:url\" content=\"https:\/\/hank.brussels\/fr\/produit\/patere-murale-paperhank-noir\/\" \/>\n<meta property=\"og:site_name\" content=\"Hank Brussels\" \/>\n<meta property=\"article:publisher\" content=\"https:\/\/www.facebook.com\/HankBrssls\/\" \/>\n<meta property=\"article:modified_time\" content=\"2025-07-11T15:17:13+00:00\" \/>\n<meta property=\"og:image\" content=\"https:\/\/i0.wp.com\/hank.brussels\/wp-content\/uploads\/2023\/12\/PPH-BK-view1-920x1200-1.jpg?fit=920%2C1200&ssl=1\" \/>\n\t<meta property=\"og:image:width\" content=\"920\" \/>\n\t<meta property=\"og:image:height\" content=\"1200\" \/>\n\t<meta property=\"og:image:type\" content=\"image\/jpeg\" \/>\n<meta name=\"twitter:card\" content=\"summary_large_image\" \/>\n<script type=\"application\/ld+json\" class=\"yoast-schema-graph\">{\"@context\":\"https:\\\/\\\/schema.org\",\"@graph\":[{\"@type\":\"WebPage\",\"@id\":\"https:\\\/\\\/hank.brussels\\\/fr\\\/produit\\\/patere-murale-paperhank-noir\\\/\",\"url\":\"https:\\\/\\\/hank.brussels\\\/fr\\\/produit\\\/patere-murale-paperhank-noir\\\/\",\"name\":\"Pat\u00e8re Murale PAPERHANK - noir - Hank Brussels\",\"isPartOf\":{\"@id\":\"https:\\\/\\\/hank.brussels\\\/fr\\\/#website\"},\"primaryImageOfPage\":{\"@id\":\"https:\\\/\\\/hank.brussels\\\/fr\\\/produit\\\/patere-murale-paperhank-noir\\\/#primaryimage\"},\"image\":{\"@id\":\"https:\\\/\\\/hank.brussels\\\/fr\\\/produit\\\/patere-murale-paperhank-noir\\\/#primaryimage\"},\"thumbnailUrl\":\"https:\\\/\\\/hank.brussels\\\/wp-content\\\/uploads\\\/2023\\\/12\\\/PPH-BK-view1-920x1200-1.jpg\",\"datePublished\":\"2024-01-23T13:50:15+00:00\",\"dateModified\":\"2025-07-11T15:17:13+00:00\",\"breadcrumb\":{\"@id\":\"https:\\\/\\\/hank.brussels\\\/fr\\\/produit\\\/patere-murale-paperhank-noir\\\/#breadcrumb\"},\"inLanguage\":\"fr-FR\",\"potentialAction\":[{\"@type\":\"ReadAction\",\"target\":[\"https:\\\/\\\/hank.brussels\\\/fr\\\/produit\\\/patere-murale-paperhank-noir\\\/\"]}]},{\"@type\":\"ImageObject\",\"inLanguage\":\"fr-FR\",\"@id\":\"https:\\\/\\\/hank.brussels\\\/fr\\\/produit\\\/patere-murale-paperhank-noir\\\/#primaryimage\",\"url\":\"https:\\\/\\\/hank.brussels\\\/wp-content\\\/uploads\\\/2023\\\/12\\\/PPH-BK-view1-920x1200-1.jpg\",\"contentUrl\":\"https:\\\/\\\/hank.brussels\\\/wp-content\\\/uploads\\\/2023\\\/12\\\/PPH-BK-view1-920x1200-1.jpg\",\"width\":920,\"height\":1200,\"caption\":\"Organize in style with the PAPERHANK wall hook, inspired by the aerodynamic shape of the 'paperang' for a clutter-free space\"},{\"@type\":\"BreadcrumbList\",\"@id\":\"https:\\\/\\\/hank.brussels\\\/fr\\\/produit\\\/patere-murale-paperhank-noir\\\/#breadcrumb\",\"itemListElement\":[{\"@type\":\"ListItem\",\"position\":1,\"name\":\"Accueil\",\"item\":\"https:\\\/\\\/hank.brussels\\\/fr\\\/\"},{\"@type\":\"ListItem\",\"position\":2,\"name\":\"Catalogue\",\"item\":\"https:\\\/\\\/hank.brussels\\\/fr\\\/catalogue-2\\\/\"},{\"@type\":\"ListItem\",\"position\":3,\"name\":\"Pat\u00e8re Murale PAPERHANK &#8211; noir\"}]},{\"@type\":\"WebSite\",\"@id\":\"https:\\\/\\\/hank.brussels\\\/fr\\\/#website\",\"url\":\"https:\\\/\\\/hank.brussels\\\/fr\\\/\",\"name\":\"Hank Brussels\",\"description\":\"Clean Skin. Dirty Mind. Since 2021.\",\"publisher\":{\"@id\":\"https:\\\/\\\/hank.brussels\\\/fr\\\/#organization\"},\"alternateName\":\"Hank\",\"potentialAction\":[{\"@type\":\"SearchAction\",\"target\":{\"@type\":\"EntryPoint\",\"urlTemplate\":\"https:\\\/\\\/hank.brussels\\\/fr\\\/?s={search_term_string}\"},\"query-input\":{\"@type\":\"PropertyValueSpecification\",\"valueRequired\":true,\"valueName\":\"search_term_string\"}}],\"inLanguage\":\"fr-FR\"},{\"@type\":\"Organization\",\"@id\":\"https:\\\/\\\/hank.brussels\\\/fr\\\/#organization\",\"name\":\"Hank Studio SNC\",\"alternateName\":\"Hank\",\"url\":\"https:\\\/\\\/hank.brussels\\\/fr\\\/\",\"logo\":{\"@type\":\"ImageObject\",\"inLanguage\":\"fr-FR\",\"@id\":\"https:\\\/\\\/hank.brussels\\\/fr\\\/#\\\/schema\\\/logo\\\/image\\\/\",\"url\":\"https:\\\/\\\/hank.brussels\\\/wp-content\\\/uploads\\\/2023\\\/10\\\/Fichier-4.svg\",\"contentUrl\":\"https:\\\/\\\/hank.brussels\\\/wp-content\\\/uploads\\\/2023\\\/10\\\/Fichier-4.svg\",\"width\":295,\"height\":295,\"caption\":\"Hank Studio SNC\"},\"image\":{\"@id\":\"https:\\\/\\\/hank.brussels\\\/fr\\\/#\\\/schema\\\/logo\\\/image\\\/\"},\"sameAs\":[\"https:\\\/\\\/www.facebook.com\\\/HankBrssls\\\/\",\"https:\\\/\\\/www.instagram.com\\\/hank.brussels\\\/\"],\"description\":\"Hank is a creative studio and brand based in Brussels. We offer eco-friendly et thoughtful objects for your everyday life.\",\"email\":\"hello@hank.brussels\",\"telephone\":\"+32 488 24 68 58\",\"legalName\":\"Hank Studio SNC\",\"foundingDate\":\"2021-05-21\",\"vatID\":\"BE0768986306\",\"taxID\":\"0768986306\",\"numberOfEmployees\":{\"@type\":\"QuantitativeValue\",\"minValue\":\"1\",\"maxValue\":\"10\"}}]}<\/script>\n<!-- \/ Yoast SEO Premium plugin. -->","yoast_head_json":{"title":"Pat\u00e8re Murale PAPERHANK - noir - Hank Brussels","robots":{"index":"index","follow":"follow","max-snippet":"max-snippet:-1","max-image-preview":"max-image-preview:large","max-video-preview":"max-video-preview:-1"},"canonical":"https:\/\/hank.brussels\/fr\/produit\/patere-murale-paperhank-noir\/","og_locale":"fr_FR","og_type":"article","og_title":"Pat\u00e8re Murale PAPERHANK - noir","og_description":"D\u00e9couvrez PAPERHANK, la pat\u00e8re murale con\u00e7ue pour rendre l'accrochage de vos v\u00eatements, textiles, accessoires, cl\u00e9s et bijoux plus pratique que jamais. Inspir\u00e9e par l'\u00e9l\u00e9gance des avions en papier, elle s'inspire particuli\u00e8rement du \"paperang\", avec ses deux ailes con\u00e7ues pour accrocher vos objets essentiels. Gr\u00e2ce \u00e0 sa fente astucieuse, vos textiles et habits restent solidement maintenus, sans besoin de crochet. Son design \u00e9pur\u00e9 s'harmonise avec tous les int\u00e9rieurs. M\u00e9langez les couleurs pour une d\u00e9coration encore plus personnalis\u00e9e. Facile \u00e0 installer et incroyablement pratique, les pat\u00e8res murales PAPERHANK sont l'accessoire id\u00e9al pour une maison organis\u00e9e et styl\u00e9e.","og_url":"https:\/\/hank.brussels\/fr\/produit\/patere-murale-paperhank-noir\/","og_site_name":"Hank Brussels","article_publisher":"https:\/\/www.facebook.com\/HankBrssls\/","article_modified_time":"2025-07-11T15:17:13+00:00","og_image":[{"width":920,"height":1200,"url":"https:\/\/i0.wp.com\/hank.brussels\/wp-content\/uploads\/2023\/12\/PPH-BK-view1-920x1200-1.jpg?fit=920%2C1200&ssl=1","type":"image\/jpeg"}],"twitter_card":"summary_large_image","schema":{"@context":"https:\/\/schema.org","@graph":[{"@type":"WebPage","@id":"https:\/\/hank.brussels\/fr\/produit\/patere-murale-paperhank-noir\/","url":"https:\/\/hank.brussels\/fr\/produit\/patere-murale-paperhank-noir\/","name":"Pat\u00e8re Murale PAPERHANK - noir - Hank Brussels","isPartOf":{"@id":"https:\/\/hank.brussels\/fr\/#website"},"primaryImageOfPage":{"@id":"https:\/\/hank.brussels\/fr\/produit\/patere-murale-paperhank-noir\/#primaryimage"},"image":{"@id":"https:\/\/hank.brussels\/fr\/produit\/patere-murale-paperhank-noir\/#primaryimage"},"thumbnailUrl":"https:\/\/hank.brussels\/wp-content\/uploads\/2023\/12\/PPH-BK-view1-920x1200-1.jpg","datePublished":"2024-01-23T13:50:15+00:00","dateModified":"2025-07-11T15:17:13+00:00","breadcrumb":{"@id":"https:\/\/hank.brussels\/fr\/produit\/patere-murale-paperhank-noir\/#breadcrumb"},"inLanguage":"fr-FR","potentialAction":[{"@type":"ReadAction","target":["https:\/\/hank.brussels\/fr\/produit\/patere-murale-paperhank-noir\/"]}]},{"@type":"ImageObject","inLanguage":"fr-FR","@id":"https:\/\/hank.brussels\/fr\/produit\/patere-murale-paperhank-noir\/#primaryimage","url":"https:\/\/hank.brussels\/wp-content\/uploads\/2023\/12\/PPH-BK-view1-920x1200-1.jpg","contentUrl":"https:\/\/hank.brussels\/wp-content\/uploads\/2023\/12\/PPH-BK-view1-920x1200-1.jpg","width":920,"height":1200,"caption":"Organize in style with the PAPERHANK wall hook, inspired by the aerodynamic shape of the 'paperang' for a clutter-free space"},{"@type":"BreadcrumbList","@id":"https:\/\/hank.brussels\/fr\/produit\/patere-murale-paperhank-noir\/#breadcrumb","itemListElement":[{"@type":"ListItem","position":1,"name":"Accueil","item":"https:\/\/hank.brussels\/fr\/"},{"@type":"ListItem","position":2,"name":"Catalogue","item":"https:\/\/hank.brussels\/fr\/catalogue-2\/"},{"@type":"ListItem","position":3,"name":"Pat\u00e8re Murale PAPERHANK &#8211; noir"}]},{"@type":"WebSite","@id":"https:\/\/hank.brussels\/fr\/#website","url":"https:\/\/hank.brussels\/fr\/","name":"Hank Brussels","description":"Clean Skin. Dirty Mind. Since 2021.","publisher":{"@id":"https:\/\/hank.brussels\/fr\/#organization"},"alternateName":"Hank","potentialAction":[{"@type":"SearchAction","target":{"@type":"EntryPoint","urlTemplate":"https:\/\/hank.brussels\/fr\/?s={search_term_string}"},"query-input":{"@type":"PropertyValueSpecification","valueRequired":true,"valueName":"search_term_string"}}],"inLanguage":"fr-FR"},{"@type":"Organization","@id":"https:\/\/hank.brussels\/fr\/#organization","name":"Hank Studio SNC","alternateName":"Hank","url":"https:\/\/hank.brussels\/fr\/","logo":{"@type":"ImageObject","inLanguage":"fr-FR","@id":"https:\/\/hank.brussels\/fr\/#\/schema\/logo\/image\/","url":"https:\/\/hank.brussels\/wp-content\/uploads\/2023\/10\/Fichier-4.svg","contentUrl":"https:\/\/hank.brussels\/wp-content\/uploads\/2023\/10\/Fichier-4.svg","width":295,"height":295,"caption":"Hank Studio SNC"},"image":{"@id":"https:\/\/hank.brussels\/fr\/#\/schema\/logo\/image\/"},"sameAs":["https:\/\/www.facebook.com\/HankBrssls\/","https:\/\/www.instagram.com\/hank.brussels\/"],"description":"Hank is a creative studio and brand based in Brussels. We offer eco-friendly et thoughtful objects for your everyday life.","email":"hello@hank.brussels","telephone":"+32 488 24 68 58","legalName":"Hank Studio SNC","foundingDate":"2021-05-21","vatID":"BE0768986306","taxID":"0768986306","numberOfEmployees":{"@type":"QuantitativeValue","minValue":"1","maxValue":"10"}}]}},"_links":{"self":[{"href":"https:\/\/hank.brussels\/fr\/wp-json\/wp\/v2\/product\/3422","targetHints":{"allow":["GET"]}}],"collection":[{"href":"https:\/\/hank.brussels\/fr\/wp-json\/wp\/v2\/product"}],"about":[{"href":"https:\/\/hank.brussels\/fr\/wp-json\/wp\/v2\/types\/product"}],"replies":[{"embeddable":true,"href":"https:\/\/hank.brussels\/fr\/wp-json\/wp\/v2\/comments?post=3422"}],"version-history":[{"count":0,"href":"https:\/\/hank.brussels\/fr\/wp-json\/wp\/v2\/product\/3422\/revisions"}],"wp:featuredmedia":[{"embeddable":true,"href":"https:\/\/hank.brussels\/fr\/wp-json\/wp\/v2\/media\/1658"}],"wp:attachment":[{"href":"https:\/\/hank.brussels\/fr\/wp-json\/wp\/v2\/media?parent=3422"}],"wp:term":[{"taxonomy":"brand","embeddable":true,"href":"https:\/\/hank.brussels\/fr\/wp-json\/wp\/v2\/etheme_brands?post=3422"},{"taxonomy":"product_brand","embeddable":true,"href":"https:\/\/hank.brussels\/fr\/wp-json\/wp\/v2\/product_brand?post=3422"},{"taxonomy":"product_cat","embeddable":true,"href":"https:\/\/hank.brussels\/fr\/wp-json\/wp\/v2\/product_cat?post=3422"},{"taxonomy":"product_tag","embeddable":true,"href":"https:\/\/hank.brussels\/fr\/wp-json\/wp\/v2\/product_tag?post=3422"}],"curies":[{"name":"wp","href":"https:\/\/api.w.org\/{rel}","templated":true}]}}