{"id":3466,"date":"2023-12-14T12:10:24","date_gmt":"2023-12-14T11:10:24","guid":{"rendered":"https:\/\/hank.brussels\/produit\/son-of-a-beach-savon-surgras-bio-110g-parfum-frais-de-mojito-enrichi-en-sel-de-la-mer-morte\/"},"modified":"2026-02-19T15:48:45","modified_gmt":"2026-02-19T14:48:45","slug":"son-of-a-beach-savon-surgras-bio-110g-parfum-frais-de-mojito-enrichi-en-sel-de-la-mer-morte","status":"publish","type":"product","link":"https:\/\/hank.brussels\/fr\/produit\/son-of-a-beach-savon-surgras-bio-110g-parfum-frais-de-mojito-enrichi-en-sel-de-la-mer-morte\/","title":{"rendered":"SON OF A BEACH | Pain de Savon Artisanal"},"content":{"rendered":"\t\t<div data-elementor-type=\"wp-post\" data-elementor-id=\"3466\" class=\"elementor elementor-3466 elementor-1675\" data-elementor-post-type=\"product\">\n\t\t\t\t\t\t<section class=\"elementor-section elementor-top-section elementor-element elementor-element-2c02b212 elementor-section-boxed elementor-section-height-default elementor-section-height-default\" data-id=\"2c02b212\" data-element_type=\"section\" data-e-type=\"section\">\n\t\t\t\t\t\t<div class=\"elementor-container elementor-column-gap-custom\">\n\t\t\t\t\t<div class=\"elementor-column elementor-col-50 elementor-top-column elementor-element elementor-element-149a633b\" data-id=\"149a633b\" data-element_type=\"column\" data-e-type=\"column\">\n\t\t\t<div class=\"elementor-widget-wrap elementor-element-populated\">\n\t\t\t\t\t\t<div class=\"elementor-element elementor-element-44b4e11d elementor-widget elementor-widget-heading\" data-id=\"44b4e11d\" data-element_type=\"widget\" data-e-type=\"widget\" data-widget_type=\"heading.default\">\n\t\t\t\t<div class=\"elementor-widget-container\">\n\t\t\t\t\t<h2 class=\"elementor-heading-title elementor-size-default\">Sp\u00e9cifications<\/h2>\t\t\t\t<\/div>\n\t\t\t\t<\/div>\n\t\t\t\t<div class=\"elementor-element elementor-element-648f4820 elementor-widget elementor-widget-etheme_icon_list\" data-id=\"648f4820\" data-element_type=\"widget\" data-e-type=\"widget\" data-widget_type=\"etheme_icon_list.default\">\n\t\t\t\t<div class=\"elementor-widget-container\">\n\t\t\t\t\t            <div class=\"etheme-icon-list\">\n                                        <div class=\"etheme-icon-list-item elementor-repeater-item-8384951\">\n                                                                \n                                    <span class=\"etheme-icon-list-item-icon\">\n                                        <span class=\"etheme-icon-list-item-icon-inner\">\n                                        .                                        <\/span>\n                                    <\/span>\n                                    \n                                                            \n                            <span class=\"etheme-icon-list-item-text\">\n                                Fabriqu\u00e9 \u00e0 la main \u00e0 Bruxelles                            <\/span>\n                                                    <\/div>\n                                            <div class=\"etheme-icon-list-item elementor-repeater-item-641d2eb\">\n                                                                \n                                    <span class=\"etheme-icon-list-item-icon\">\n                                        <span class=\"etheme-icon-list-item-icon-inner\">\n                                        .                                        <\/span>\n                                    <\/span>\n                                    \n                                                            \n                            <span class=\"etheme-icon-list-item-text\">\n                                98% d'ingr\u00e9dients naturels                            <\/span>\n                                                    <\/div>\n                                            <div class=\"etheme-icon-list-item elementor-repeater-item-1597355\">\n                                                                \n                                    <span class=\"etheme-icon-list-item-icon\">\n                                        <span class=\"etheme-icon-list-item-icon-inner\">\n                                        .                                        <\/span>\n                                    <\/span>\n                                    \n                                                            \n                            <span class=\"etheme-icon-list-item-text\">\n                                Vegan &amp; Cruelty Free                            <\/span>\n                                                    <\/div>\n                                            <div class=\"etheme-icon-list-item elementor-repeater-item-51a7bf7\">\n                                                                \n                                    <span class=\"etheme-icon-list-item-icon\">\n                                        <span class=\"etheme-icon-list-item-icon-inner\">\n                                        .                                        <\/span>\n                                    <\/span>\n                                    \n                                                            \n                            <span class=\"etheme-icon-list-item-text\">\n                                Sans huile de palme                            <\/span>\n                                                    <\/div>\n                                            <div class=\"etheme-icon-list-item elementor-repeater-item-f3a5a2c\">\n                                                                \n                                    <span class=\"etheme-icon-list-item-icon\">\n                                        <span class=\"etheme-icon-list-item-icon-inner\">\n                                        .                                        <\/span>\n                                    <\/span>\n                                    \n                                                            \n                            <span class=\"etheme-icon-list-item-text\">\n                                Poids - 110g                            <\/span>\n                                                    <\/div>\n                                            <div class=\"etheme-icon-list-item elementor-repeater-item-f8a6fe5\">\n                                                                \n                                    <span class=\"etheme-icon-list-item-icon\">\n                                        <span class=\"etheme-icon-list-item-icon-inner\">\n                                        .                                        <\/span>\n                                    <\/span>\n                                    \n                                                            \n                            <span class=\"etheme-icon-list-item-text\">\n                                Taille - 6 x 6 x 2.5 cm                            <\/span>\n                                                    <\/div>\n                                <\/div>\n        \n        \t\t\t\t<\/div>\n\t\t\t\t<\/div>\n\t\t\t\t\t<\/div>\n\t\t<\/div>\n\t\t\t\t<div class=\"elementor-column elementor-col-50 elementor-top-column elementor-element elementor-element-3078d194\" data-id=\"3078d194\" data-element_type=\"column\" data-e-type=\"column\">\n\t\t\t<div class=\"elementor-widget-wrap elementor-element-populated\">\n\t\t\t\t\t\t<div class=\"elementor-element elementor-element-58cd8ed0 elementor-widget elementor-widget-heading\" data-id=\"58cd8ed0\" data-element_type=\"widget\" data-e-type=\"widget\" data-widget_type=\"heading.default\">\n\t\t\t\t<div class=\"elementor-widget-container\">\n\t\t\t\t\t<h2 class=\"elementor-heading-title elementor-size-default\">Ingr\u00e9dients<\/h2>\t\t\t\t<\/div>\n\t\t\t\t<\/div>\n\t\t\t\t<div class=\"elementor-element elementor-element-152c5db elementor-widget elementor-widget-text-editor\" data-id=\"152c5db\" data-element_type=\"widget\" data-e-type=\"widget\" data-widget_type=\"text-editor.default\">\n\t\t\t\t<div class=\"elementor-widget-container\">\n\t\t\t\t\t\t\t\t\t<p>Huile de noix de coco*, huile d&rsquo;olive*, beurre de karit\u00e9*, huile d&rsquo;amande douce*, huile de p\u00e9pins de raisin, huile de ricin*, sel de la mer Morte, parfum, kaolin, bleu outre-mer, citral, limon\u00e8ne, g\u00e9raniol.<\/p>\n<p>* issu de l&rsquo;agriculture biologique.<\/p>\n\t\t\t\t\t\t\t\t<\/div>\n\t\t\t\t<\/div>\n\t\t\t\t<div class=\"elementor-element elementor-element-8106f4b elementor-widget elementor-widget-heading\" data-id=\"8106f4b\" data-element_type=\"widget\" data-e-type=\"widget\" data-widget_type=\"heading.default\">\n\t\t\t\t<div class=\"elementor-widget-container\">\n\t\t\t\t\t<h2 class=\"elementor-heading-title elementor-size-default\">Conseils d'utilisation<\/h2>\t\t\t\t<\/div>\n\t\t\t\t<\/div>\n\t\t\t\t<div class=\"elementor-element elementor-element-25a2a82c elementor-widget elementor-widget-text-editor\" data-id=\"25a2a82c\" data-element_type=\"widget\" data-e-type=\"widget\" data-widget_type=\"text-editor.default\">\n\t\t\t\t<div class=\"elementor-widget-container\">\n\t\t\t\t\t\t\t\t\t<p>Passer sous l&rsquo;eau, faites mousser dans vos mains ou sur votre peau, frottez puis rincez. \u00c9vitez tout contact avec les yeux. Si le mal est fait, rincez abondamment. Ne pas ing\u00e9rer. Si vous \u00eates allergique \u00e0 l&rsquo;un des ingr\u00e9dients, arr\u00eatez de l&rsquo;utiliser.<\/p>\n\t\t\t\t\t\t\t\t<\/div>\n\t\t\t\t<\/div>\n\t\t\t\t\t<\/div>\n\t\t<\/div>\n\t\t\t\t\t<\/div>\n\t\t<\/section>\n\t\t\t\t<\/div>\n\t\t","protected":false},"excerpt":{"rendered":"<p><b>L&rsquo;Escapade Min\u00e9rale \u2014 Mer Morte &amp; Kaolin<\/b><\/p>\n<p><span style=\"font-weight: 400;\">L\u2019air des vagues qui claquent sur les rives de sable blanc. Ce savon est une immersion : infus\u00e9 au sel de la mer Morte, riche en magn\u00e9sium et potassium, il rencontre la douceur de l\u2019argile Kaolin pour un nettoyage d&rsquo;une grande puret\u00e9. Un sillage aquatique, frais et acidul\u00e9 de menthe et citron vert qui invite \u00e0 laisser le stress dispara\u00eetre avec la mar\u00e9e.  <\/span><\/p>\n<ul>\n<li style=\"font-weight: 400;\" aria-level=\"1\"><b>B\u00e9n\u00e9fices : <\/b><span style=\"font-weight: 400;\">Apaisant, r\u00e9confortant.<\/span><\/li>\n<li style=\"font-weight: 400;\" aria-level=\"1\">Cible : <span style=\"font-weight: 400;\">Peaux s\u00e8ches et d\u00e9shydrat\u00e9es.<\/span><\/li>\n<li style=\"font-weight: 400;\" aria-level=\"1\"><b>D\u00e9tails : <\/b><span style=\"font-weight: 400;\">110g | Corps &amp; Visage<\/span><\/li>\n<\/ul>\n<p>Tous nos savons sont fabriqu\u00e9s \u00e0 partir d&rsquo;huiles v\u00e9g\u00e9tales biologiques, sans conservateurs et surgraiss\u00e9s \u00e0 8 %.<\/p>\n<p>&nbsp;<\/p>\n","protected":false},"featured_media":1598,"comment_status":"open","ping_status":"closed","template":"","meta":[],"etheme_brands":[],"product_brand":[],"product_cat":[37],"product_tag":[59,84,78,55,77,79,98,80],"class_list":{"0":"post-3466","1":"product","2":"type-product","3":"status-publish","4":"has-post-thumbnail","6":"product_cat-savons","7":"product_tag-blue","8":"product_tag-fresh","9":"product_tag-lime","10":"product_tag-mint","11":"product_tag-mojito","12":"product_tag-sea","13":"product_tag-soap","14":"product_tag-summer","16":"first","17":"instock","18":"taxable","19":"shipping-taxable","20":"purchasable","21":"product-type-simple"},"yoast_head":"<!-- This site is optimized with the Yoast SEO Premium plugin v27.3 (Yoast SEO v27.3) - https:\/\/yoast.com\/product\/yoast-seo-premium-wordpress\/ -->\n<title>SON OF A BEACH | Pain de Savon Artisanal - Hank Brussels<\/title>\n<meta name=\"robots\" content=\"index, follow, max-snippet:-1, max-image-preview:large, max-video-preview:-1\" \/>\n<link rel=\"canonical\" href=\"https:\/\/hank.brussels\/fr\/produit\/son-of-a-beach-savon-surgras-bio-110g-parfum-frais-de-mojito-enrichi-en-sel-de-la-mer-morte\/\" \/>\n<meta property=\"og:locale\" content=\"fr_FR\" \/>\n<meta property=\"og:type\" content=\"article\" \/>\n<meta property=\"og:title\" content=\"SON OF A BEACH | Pain de Savon Artisanal\" \/>\n<meta property=\"og:description\" content=\"L&#039;Escapade Min\u00e9rale \u2014 Mer Morte &amp; Kaolin L\u2019air des vagues qui claquent sur les rives de sable blanc. Ce savon est une immersion : infus\u00e9 au sel de la mer Morte, riche en magn\u00e9sium et potassium, il rencontre la douceur de l\u2019argile Kaolin pour un nettoyage d&#039;une grande puret\u00e9. Un sillage aquatique, frais et acidul\u00e9 de menthe et citron vert qui invite \u00e0 laisser le stress dispara\u00eetre avec la mar\u00e9e.   B\u00e9n\u00e9fices : Apaisant, r\u00e9confortant.  Cible : Peaux s\u00e8ches et d\u00e9shydrat\u00e9es.  D\u00e9tails : 110g | Corps &amp; Visage Tous nos savons sont fabriqu\u00e9s \u00e0 partir d&#039;huiles v\u00e9g\u00e9tales biologiques, sans conservateurs et surgraiss\u00e9s \u00e0 8 %. &nbsp;\" \/>\n<meta property=\"og:url\" content=\"https:\/\/hank.brussels\/fr\/produit\/son-of-a-beach-savon-surgras-bio-110g-parfum-frais-de-mojito-enrichi-en-sel-de-la-mer-morte\/\" \/>\n<meta property=\"og:site_name\" content=\"Hank Brussels\" \/>\n<meta property=\"article:publisher\" content=\"https:\/\/www.facebook.com\/HankBrssls\/\" \/>\n<meta property=\"article:modified_time\" content=\"2026-02-19T14:48:45+00:00\" \/>\n<meta property=\"og:image\" content=\"https:\/\/hank.brussels\/wp-content\/uploads\/2023\/12\/SOB_SOAP-1024x1024-1.jpg\" \/>\n\t<meta property=\"og:image:width\" content=\"920\" \/>\n\t<meta property=\"og:image:height\" content=\"1200\" \/>\n\t<meta property=\"og:image:type\" content=\"image\/jpeg\" \/>\n<meta name=\"twitter:card\" content=\"summary_large_image\" \/>\n<script type=\"application\/ld+json\" class=\"yoast-schema-graph\">{\"@context\":\"https:\\\/\\\/schema.org\",\"@graph\":[{\"@type\":\"WebPage\",\"@id\":\"https:\\\/\\\/hank.brussels\\\/fr\\\/produit\\\/son-of-a-beach-savon-surgras-bio-110g-parfum-frais-de-mojito-enrichi-en-sel-de-la-mer-morte\\\/\",\"url\":\"https:\\\/\\\/hank.brussels\\\/fr\\\/produit\\\/son-of-a-beach-savon-surgras-bio-110g-parfum-frais-de-mojito-enrichi-en-sel-de-la-mer-morte\\\/\",\"name\":\"SON OF A BEACH | Pain de Savon Artisanal - Hank Brussels\",\"isPartOf\":{\"@id\":\"https:\\\/\\\/hank.brussels\\\/fr\\\/#website\"},\"primaryImageOfPage\":{\"@id\":\"https:\\\/\\\/hank.brussels\\\/fr\\\/produit\\\/son-of-a-beach-savon-surgras-bio-110g-parfum-frais-de-mojito-enrichi-en-sel-de-la-mer-morte\\\/#primaryimage\"},\"image\":{\"@id\":\"https:\\\/\\\/hank.brussels\\\/fr\\\/produit\\\/son-of-a-beach-savon-surgras-bio-110g-parfum-frais-de-mojito-enrichi-en-sel-de-la-mer-morte\\\/#primaryimage\"},\"thumbnailUrl\":\"https:\\\/\\\/hank.brussels\\\/wp-content\\\/uploads\\\/2023\\\/12\\\/SOB_SOAP-1024x1024-1.jpg\",\"datePublished\":\"2023-12-14T11:10:24+00:00\",\"dateModified\":\"2026-02-19T14:48:45+00:00\",\"breadcrumb\":{\"@id\":\"https:\\\/\\\/hank.brussels\\\/fr\\\/produit\\\/son-of-a-beach-savon-surgras-bio-110g-parfum-frais-de-mojito-enrichi-en-sel-de-la-mer-morte\\\/#breadcrumb\"},\"inLanguage\":\"fr-FR\",\"potentialAction\":[{\"@type\":\"ReadAction\",\"target\":[\"https:\\\/\\\/hank.brussels\\\/fr\\\/produit\\\/son-of-a-beach-savon-surgras-bio-110g-parfum-frais-de-mojito-enrichi-en-sel-de-la-mer-morte\\\/\"]}]},{\"@type\":\"ImageObject\",\"inLanguage\":\"fr-FR\",\"@id\":\"https:\\\/\\\/hank.brussels\\\/fr\\\/produit\\\/son-of-a-beach-savon-surgras-bio-110g-parfum-frais-de-mojito-enrichi-en-sel-de-la-mer-morte\\\/#primaryimage\",\"url\":\"https:\\\/\\\/hank.brussels\\\/wp-content\\\/uploads\\\/2023\\\/12\\\/SOB_SOAP-1024x1024-1.jpg\",\"contentUrl\":\"https:\\\/\\\/hank.brussels\\\/wp-content\\\/uploads\\\/2023\\\/12\\\/SOB_SOAP-1024x1024-1.jpg\",\"width\":920,\"height\":1200,\"caption\":\"Escape to paradise with our Son of a Beach Soap, capturing the essence of blue seas, white sands, and the invigorating scent of mojito\"},{\"@type\":\"BreadcrumbList\",\"@id\":\"https:\\\/\\\/hank.brussels\\\/fr\\\/produit\\\/son-of-a-beach-savon-surgras-bio-110g-parfum-frais-de-mojito-enrichi-en-sel-de-la-mer-morte\\\/#breadcrumb\",\"itemListElement\":[{\"@type\":\"ListItem\",\"position\":1,\"name\":\"Accueil\",\"item\":\"https:\\\/\\\/hank.brussels\\\/fr\\\/\"},{\"@type\":\"ListItem\",\"position\":2,\"name\":\"Catalogue\",\"item\":\"https:\\\/\\\/hank.brussels\\\/fr\\\/catalogue-2\\\/\"},{\"@type\":\"ListItem\",\"position\":3,\"name\":\"SON OF A BEACH | Pain de Savon Artisanal\"}]},{\"@type\":\"WebSite\",\"@id\":\"https:\\\/\\\/hank.brussels\\\/fr\\\/#website\",\"url\":\"https:\\\/\\\/hank.brussels\\\/fr\\\/\",\"name\":\"Hank Brussels\",\"description\":\"Clean Skin. Dirty Mind. Since 2021.\",\"publisher\":{\"@id\":\"https:\\\/\\\/hank.brussels\\\/fr\\\/#organization\"},\"alternateName\":\"Hank\",\"potentialAction\":[{\"@type\":\"SearchAction\",\"target\":{\"@type\":\"EntryPoint\",\"urlTemplate\":\"https:\\\/\\\/hank.brussels\\\/fr\\\/?s={search_term_string}\"},\"query-input\":{\"@type\":\"PropertyValueSpecification\",\"valueRequired\":true,\"valueName\":\"search_term_string\"}}],\"inLanguage\":\"fr-FR\"},{\"@type\":\"Organization\",\"@id\":\"https:\\\/\\\/hank.brussels\\\/fr\\\/#organization\",\"name\":\"Hank Studio SNC\",\"alternateName\":\"Hank\",\"url\":\"https:\\\/\\\/hank.brussels\\\/fr\\\/\",\"logo\":{\"@type\":\"ImageObject\",\"inLanguage\":\"fr-FR\",\"@id\":\"https:\\\/\\\/hank.brussels\\\/fr\\\/#\\\/schema\\\/logo\\\/image\\\/\",\"url\":\"https:\\\/\\\/hank.brussels\\\/wp-content\\\/uploads\\\/2023\\\/10\\\/Fichier-4.svg\",\"contentUrl\":\"https:\\\/\\\/hank.brussels\\\/wp-content\\\/uploads\\\/2023\\\/10\\\/Fichier-4.svg\",\"width\":295,\"height\":295,\"caption\":\"Hank Studio SNC\"},\"image\":{\"@id\":\"https:\\\/\\\/hank.brussels\\\/fr\\\/#\\\/schema\\\/logo\\\/image\\\/\"},\"sameAs\":[\"https:\\\/\\\/www.facebook.com\\\/HankBrssls\\\/\",\"https:\\\/\\\/www.instagram.com\\\/hank.brussels\\\/\"],\"description\":\"Hank is a creative studio and brand based in Brussels. We offer eco-friendly et thoughtful objects for your everyday life.\",\"email\":\"hello@hank.brussels\",\"telephone\":\"+32 488 24 68 58\",\"legalName\":\"Hank Studio SNC\",\"foundingDate\":\"2021-05-21\",\"vatID\":\"BE0768986306\",\"taxID\":\"0768986306\",\"numberOfEmployees\":{\"@type\":\"QuantitativeValue\",\"minValue\":\"1\",\"maxValue\":\"10\"}}]}<\/script>\n<!-- \/ Yoast SEO Premium plugin. -->","yoast_head_json":{"title":"SON OF A BEACH | Pain de Savon Artisanal - Hank Brussels","robots":{"index":"index","follow":"follow","max-snippet":"max-snippet:-1","max-image-preview":"max-image-preview:large","max-video-preview":"max-video-preview:-1"},"canonical":"https:\/\/hank.brussels\/fr\/produit\/son-of-a-beach-savon-surgras-bio-110g-parfum-frais-de-mojito-enrichi-en-sel-de-la-mer-morte\/","og_locale":"fr_FR","og_type":"article","og_title":"SON OF A BEACH | Pain de Savon Artisanal","og_description":"L'Escapade Min\u00e9rale \u2014 Mer Morte &amp; Kaolin L\u2019air des vagues qui claquent sur les rives de sable blanc. Ce savon est une immersion : infus\u00e9 au sel de la mer Morte, riche en magn\u00e9sium et potassium, il rencontre la douceur de l\u2019argile Kaolin pour un nettoyage d'une grande puret\u00e9. Un sillage aquatique, frais et acidul\u00e9 de menthe et citron vert qui invite \u00e0 laisser le stress dispara\u00eetre avec la mar\u00e9e.   B\u00e9n\u00e9fices : Apaisant, r\u00e9confortant.  Cible : Peaux s\u00e8ches et d\u00e9shydrat\u00e9es.  D\u00e9tails : 110g | Corps &amp; Visage Tous nos savons sont fabriqu\u00e9s \u00e0 partir d'huiles v\u00e9g\u00e9tales biologiques, sans conservateurs et surgraiss\u00e9s \u00e0 8 %. &nbsp;","og_url":"https:\/\/hank.brussels\/fr\/produit\/son-of-a-beach-savon-surgras-bio-110g-parfum-frais-de-mojito-enrichi-en-sel-de-la-mer-morte\/","og_site_name":"Hank Brussels","article_publisher":"https:\/\/www.facebook.com\/HankBrssls\/","article_modified_time":"2026-02-19T14:48:45+00:00","og_image":[{"width":920,"height":1200,"url":"https:\/\/hank.brussels\/wp-content\/uploads\/2023\/12\/SOB_SOAP-1024x1024-1.jpg","type":"image\/jpeg"}],"twitter_card":"summary_large_image","schema":{"@context":"https:\/\/schema.org","@graph":[{"@type":"WebPage","@id":"https:\/\/hank.brussels\/fr\/produit\/son-of-a-beach-savon-surgras-bio-110g-parfum-frais-de-mojito-enrichi-en-sel-de-la-mer-morte\/","url":"https:\/\/hank.brussels\/fr\/produit\/son-of-a-beach-savon-surgras-bio-110g-parfum-frais-de-mojito-enrichi-en-sel-de-la-mer-morte\/","name":"SON OF A BEACH | Pain de Savon Artisanal - Hank Brussels","isPartOf":{"@id":"https:\/\/hank.brussels\/fr\/#website"},"primaryImageOfPage":{"@id":"https:\/\/hank.brussels\/fr\/produit\/son-of-a-beach-savon-surgras-bio-110g-parfum-frais-de-mojito-enrichi-en-sel-de-la-mer-morte\/#primaryimage"},"image":{"@id":"https:\/\/hank.brussels\/fr\/produit\/son-of-a-beach-savon-surgras-bio-110g-parfum-frais-de-mojito-enrichi-en-sel-de-la-mer-morte\/#primaryimage"},"thumbnailUrl":"https:\/\/hank.brussels\/wp-content\/uploads\/2023\/12\/SOB_SOAP-1024x1024-1.jpg","datePublished":"2023-12-14T11:10:24+00:00","dateModified":"2026-02-19T14:48:45+00:00","breadcrumb":{"@id":"https:\/\/hank.brussels\/fr\/produit\/son-of-a-beach-savon-surgras-bio-110g-parfum-frais-de-mojito-enrichi-en-sel-de-la-mer-morte\/#breadcrumb"},"inLanguage":"fr-FR","potentialAction":[{"@type":"ReadAction","target":["https:\/\/hank.brussels\/fr\/produit\/son-of-a-beach-savon-surgras-bio-110g-parfum-frais-de-mojito-enrichi-en-sel-de-la-mer-morte\/"]}]},{"@type":"ImageObject","inLanguage":"fr-FR","@id":"https:\/\/hank.brussels\/fr\/produit\/son-of-a-beach-savon-surgras-bio-110g-parfum-frais-de-mojito-enrichi-en-sel-de-la-mer-morte\/#primaryimage","url":"https:\/\/hank.brussels\/wp-content\/uploads\/2023\/12\/SOB_SOAP-1024x1024-1.jpg","contentUrl":"https:\/\/hank.brussels\/wp-content\/uploads\/2023\/12\/SOB_SOAP-1024x1024-1.jpg","width":920,"height":1200,"caption":"Escape to paradise with our Son of a Beach Soap, capturing the essence of blue seas, white sands, and the invigorating scent of mojito"},{"@type":"BreadcrumbList","@id":"https:\/\/hank.brussels\/fr\/produit\/son-of-a-beach-savon-surgras-bio-110g-parfum-frais-de-mojito-enrichi-en-sel-de-la-mer-morte\/#breadcrumb","itemListElement":[{"@type":"ListItem","position":1,"name":"Accueil","item":"https:\/\/hank.brussels\/fr\/"},{"@type":"ListItem","position":2,"name":"Catalogue","item":"https:\/\/hank.brussels\/fr\/catalogue-2\/"},{"@type":"ListItem","position":3,"name":"SON OF A BEACH | Pain de Savon Artisanal"}]},{"@type":"WebSite","@id":"https:\/\/hank.brussels\/fr\/#website","url":"https:\/\/hank.brussels\/fr\/","name":"Hank Brussels","description":"Clean Skin. Dirty Mind. Since 2021.","publisher":{"@id":"https:\/\/hank.brussels\/fr\/#organization"},"alternateName":"Hank","potentialAction":[{"@type":"SearchAction","target":{"@type":"EntryPoint","urlTemplate":"https:\/\/hank.brussels\/fr\/?s={search_term_string}"},"query-input":{"@type":"PropertyValueSpecification","valueRequired":true,"valueName":"search_term_string"}}],"inLanguage":"fr-FR"},{"@type":"Organization","@id":"https:\/\/hank.brussels\/fr\/#organization","name":"Hank Studio SNC","alternateName":"Hank","url":"https:\/\/hank.brussels\/fr\/","logo":{"@type":"ImageObject","inLanguage":"fr-FR","@id":"https:\/\/hank.brussels\/fr\/#\/schema\/logo\/image\/","url":"https:\/\/hank.brussels\/wp-content\/uploads\/2023\/10\/Fichier-4.svg","contentUrl":"https:\/\/hank.brussels\/wp-content\/uploads\/2023\/10\/Fichier-4.svg","width":295,"height":295,"caption":"Hank Studio SNC"},"image":{"@id":"https:\/\/hank.brussels\/fr\/#\/schema\/logo\/image\/"},"sameAs":["https:\/\/www.facebook.com\/HankBrssls\/","https:\/\/www.instagram.com\/hank.brussels\/"],"description":"Hank is a creative studio and brand based in Brussels. We offer eco-friendly et thoughtful objects for your everyday life.","email":"hello@hank.brussels","telephone":"+32 488 24 68 58","legalName":"Hank Studio SNC","foundingDate":"2021-05-21","vatID":"BE0768986306","taxID":"0768986306","numberOfEmployees":{"@type":"QuantitativeValue","minValue":"1","maxValue":"10"}}]}},"_links":{"self":[{"href":"https:\/\/hank.brussels\/fr\/wp-json\/wp\/v2\/product\/3466","targetHints":{"allow":["GET"]}}],"collection":[{"href":"https:\/\/hank.brussels\/fr\/wp-json\/wp\/v2\/product"}],"about":[{"href":"https:\/\/hank.brussels\/fr\/wp-json\/wp\/v2\/types\/product"}],"replies":[{"embeddable":true,"href":"https:\/\/hank.brussels\/fr\/wp-json\/wp\/v2\/comments?post=3466"}],"version-history":[{"count":1,"href":"https:\/\/hank.brussels\/fr\/wp-json\/wp\/v2\/product\/3466\/revisions"}],"predecessor-version":[{"id":7195,"href":"https:\/\/hank.brussels\/fr\/wp-json\/wp\/v2\/product\/3466\/revisions\/7195"}],"wp:featuredmedia":[{"embeddable":true,"href":"https:\/\/hank.brussels\/fr\/wp-json\/wp\/v2\/media\/1598"}],"wp:attachment":[{"href":"https:\/\/hank.brussels\/fr\/wp-json\/wp\/v2\/media?parent=3466"}],"wp:term":[{"taxonomy":"brand","embeddable":true,"href":"https:\/\/hank.brussels\/fr\/wp-json\/wp\/v2\/etheme_brands?post=3466"},{"taxonomy":"product_brand","embeddable":true,"href":"https:\/\/hank.brussels\/fr\/wp-json\/wp\/v2\/product_brand?post=3466"},{"taxonomy":"product_cat","embeddable":true,"href":"https:\/\/hank.brussels\/fr\/wp-json\/wp\/v2\/product_cat?post=3466"},{"taxonomy":"product_tag","embeddable":true,"href":"https:\/\/hank.brussels\/fr\/wp-json\/wp\/v2\/product_tag?post=3466"}],"curies":[{"name":"wp","href":"https:\/\/api.w.org\/{rel}","templated":true}]}}