{"id":3314,"date":"2024-01-23T14:38:14","date_gmt":"2024-01-23T13:38:14","guid":{"rendered":"https:\/\/hank.brussels\/produit\/paperhank-muurhaak-blauw\/"},"modified":"2025-07-11T16:11:06","modified_gmt":"2025-07-11T15:11:06","slug":"paperhank-muurhaak-blauw","status":"publish","type":"product","link":"https:\/\/hank.brussels\/nl\/product\/paperhank-muurhaak-blauw\/","title":{"rendered":"*APERHANK Muurhaak &#8211; blauw"},"content":{"rendered":"\t\t<div data-elementor-type=\"wp-post\" data-elementor-id=\"3314\" class=\"elementor elementor-3314 elementor-2060\" data-elementor-post-type=\"product\">\n\t\t\t\t\t\t<section class=\"elementor-section elementor-top-section elementor-element elementor-element-406f65af elementor-section-boxed elementor-section-height-default elementor-section-height-default\" data-id=\"406f65af\" data-element_type=\"section\" data-e-type=\"section\">\n\t\t\t\t\t\t<div class=\"elementor-container elementor-column-gap-custom\">\n\t\t\t\t\t<div class=\"elementor-column elementor-col-50 elementor-top-column elementor-element elementor-element-4d3023de\" data-id=\"4d3023de\" data-element_type=\"column\" data-e-type=\"column\">\n\t\t\t<div class=\"elementor-widget-wrap elementor-element-populated\">\n\t\t\t\t\t\t<div class=\"elementor-element elementor-element-1df63204 elementor-widget elementor-widget-heading\" data-id=\"1df63204\" data-element_type=\"widget\" data-e-type=\"widget\" data-widget_type=\"heading.default\">\n\t\t\t\t<div class=\"elementor-widget-container\">\n\t\t\t\t\t<h2 class=\"elementor-heading-title elementor-size-default\">Specificaties:<\/h2>\t\t\t\t<\/div>\n\t\t\t\t<\/div>\n\t\t\t\t<div class=\"elementor-element elementor-element-2bc93bbf elementor-widget elementor-widget-etheme_icon_list\" data-id=\"2bc93bbf\" data-element_type=\"widget\" data-e-type=\"widget\" data-widget_type=\"etheme_icon_list.default\">\n\t\t\t\t<div class=\"elementor-widget-container\">\n\t\t\t\t\t            <div class=\"etheme-icon-list\">\n                                        <div class=\"etheme-icon-list-item elementor-repeater-item-51a7bf7\">\n                                                                \n                                    <span class=\"etheme-icon-list-item-icon\">\n                                        <span class=\"etheme-icon-list-item-icon-inner\">\n                                        .                                        <\/span>\n                                    <\/span>\n                                    \n                                                            \n                            <span class=\"etheme-icon-list-item-text\">\n                                Handgemaakt in Belgi\u00eb                            <\/span>\n                                                    <\/div>\n                                            <div class=\"etheme-icon-list-item elementor-repeater-item-f8a6fe5\">\n                                                                \n                                    <span class=\"etheme-icon-list-item-icon\">\n                                        <span class=\"etheme-icon-list-item-icon-inner\">\n                                        .                                        <\/span>\n                                    <\/span>\n                                    \n                                                            \n                            <span class=\"etheme-icon-list-item-text\">\n                                Jij - 5 x 5 cm                            <\/span>\n                                                    <\/div>\n                                            <div class=\"etheme-icon-list-item elementor-repeater-item-f3a5a2c\">\n                                                                \n                                    <span class=\"etheme-icon-list-item-icon\">\n                                        <span class=\"etheme-icon-list-item-icon-inner\">\n                                        .                                        <\/span>\n                                    <\/span>\n                                    \n                                                            \n                            <span class=\"etheme-icon-list-item-text\">\n                                Materiaal - Jesmonite                            <\/span>\n                                                    <\/div>\n                                <\/div>\n        \n        \t\t\t\t<\/div>\n\t\t\t\t<\/div>\n\t\t\t\t\t<\/div>\n\t\t<\/div>\n\t\t\t\t<div class=\"elementor-column elementor-col-50 elementor-top-column elementor-element elementor-element-4d8b2c20\" data-id=\"4d8b2c20\" data-element_type=\"column\" data-e-type=\"column\">\n\t\t\t<div class=\"elementor-widget-wrap elementor-element-populated\">\n\t\t\t\t\t\t<div class=\"elementor-element elementor-element-23aaa1b2 elementor-widget elementor-widget-heading\" data-id=\"23aaa1b2\" data-element_type=\"widget\" data-e-type=\"widget\" data-widget_type=\"heading.default\">\n\t\t\t\t<div class=\"elementor-widget-container\">\n\t\t\t\t\t<h2 class=\"elementor-heading-title elementor-size-default\">Hoe gebruik ik mijn Paperhank muurhaak? <\/h2>\t\t\t\t<\/div>\n\t\t\t\t<\/div>\n\t\t\t\t<div class=\"elementor-element elementor-element-70526194 elementor-widget elementor-widget-text-editor\" data-id=\"70526194\" data-element_type=\"widget\" data-e-type=\"widget\" data-widget_type=\"text-editor.default\">\n\t\t\t\t<div class=\"elementor-widget-container\">\n\t\t\t\t\t\t\t\t\t<p>Gebruik de vleugels van de Paperhank om je tas, sieraden of accessoires op te hangen. <span style=\"font-family: inherit; font-size: inherit;\">Om een kledingstuk of textiel op te hangen, maak je snel een vouw tussen je vingers en schuif je het vervolgens in de sleuf van de Paperhank. Trek er lichtjes aan om te zorgen voor een goede grip.<\/span><\/p><p> <\/p>\t\t\t\t\t\t\t\t<\/div>\n\t\t\t\t<\/div>\n\t\t\t\t<div class=\"elementor-element elementor-element-d81a4be elementor-widget elementor-widget-heading\" data-id=\"d81a4be\" data-element_type=\"widget\" data-e-type=\"widget\" data-widget_type=\"heading.default\">\n\t\t\t\t<div class=\"elementor-widget-container\">\n\t\t\t\t\t<h2 class=\"elementor-heading-title elementor-size-default\">Hoe bevestig je je PAPERHANK aan de muur?\n\n<\/h2>\t\t\t\t<\/div>\n\t\t\t\t<\/div>\n\t\t\t\t<div class=\"elementor-element elementor-element-6f9684a elementor-widget elementor-widget-text-editor\" data-id=\"6f9684a\" data-element_type=\"widget\" data-e-type=\"widget\" data-widget_type=\"text-editor.default\">\n\t\t\t\t<div class=\"elementor-widget-container\">\n\t\t\t\t\t\t\t\t\t<p>Gebruik een platte schroef met plug om je kapstok stevig aan de muur te bevestigen en ervoor te zorgen dat deze het gewicht van je kleding en zwaardere items kan dragen. Je kunt het ook bevestigen met speciale lijm zonder spijkers of schroeven voor wandmontage. Hang geen extreem zware kledingstukken, zoals grote jassen, aan de hoeken van de haak om te voorkomen dat deze verzwakt.<\/p>\t\t\t\t\t\t\t\t<\/div>\n\t\t\t\t<\/div>\n\t\t\t\t\t<\/div>\n\t\t<\/div>\n\t\t\t\t\t<\/div>\n\t\t<\/section>\n\t\t\t\t<\/div>\n\t\t","protected":false},"excerpt":{"rendered":"<p>Ge\u00efnspireerd door de aerodynamische vorm van de \u2018paperang\u2019, bieden deze haken een slimme oplossing om kleding, accessoires en meer eenvoudig en stijlvol op te hangen.<\/p>\n<p>De PAPERHANK-haken zijn niet zomaar een functioneel object; dankzij hun gedurfde kleuren en strakke vorm voegen ze een artistiek accent toe aan je interieur. Hun doordachte ontwerp zorgt ervoor dat je spullen stevig blijven hangen zonder risico op wegglijden, terwijl de verschillende kleuren je de mogelijkheid geven om een gepersonaliseerde look te cre\u00ebren die bij jouw stijl past. <\/p>\n<p>Of je nu kiest voor \u00e9\u00e9n opvallend exemplaar of een reeks haken voor extra opbergruimte, de PAPERHANK wandhaken tillen dagelijkse organisatie naar een hoger niveau. Praktisch, stijlvol en ge\u00efnspireerd door de eenvoud van papieren vliegtuigen: ze nodigen je uit om opgeruimd te leven, met de rust die hoort bij een goed geordende ruimte. <\/p>\n","protected":false},"featured_media":3168,"comment_status":"open","ping_status":"closed","template":"","meta":[],"etheme_brands":[],"product_brand":[],"product_cat":[119],"product_tag":[],"class_list":{"0":"post-3314","1":"product","2":"type-product","3":"status-publish","4":"has-post-thumbnail","6":"product_cat-decoratie","8":"first","9":"instock","10":"taxable","11":"shipping-taxable","12":"purchasable","13":"product-type-simple"},"yoast_head":"<!-- This site is optimized with the Yoast SEO Premium plugin v27.3 (Yoast SEO v27.3) - https:\/\/yoast.com\/product\/yoast-seo-premium-wordpress\/ -->\n<title>*APERHANK Muurhaak - blauw - Hank Brussels<\/title>\n<meta name=\"robots\" content=\"index, follow, max-snippet:-1, max-image-preview:large, max-video-preview:-1\" \/>\n<link rel=\"canonical\" href=\"https:\/\/hank.brussels\/nl\/product\/paperhank-muurhaak-blauw\/\" \/>\n<meta property=\"og:locale\" content=\"nl_NL\" \/>\n<meta property=\"og:type\" content=\"article\" \/>\n<meta property=\"og:title\" content=\"*APERHANK Muurhaak - blauw\" \/>\n<meta property=\"og:description\" content=\"Ge\u00efnspireerd door de aerodynamische vorm van de \u2018paperang\u2019, bieden deze haken een slimme oplossing om kleding, accessoires en meer eenvoudig en stijlvol op te hangen. De PAPERHANK-haken zijn niet zomaar een functioneel object; dankzij hun gedurfde kleuren en strakke vorm voegen ze een artistiek accent toe aan je interieur. Hun doordachte ontwerp zorgt ervoor dat je spullen stevig blijven hangen zonder risico op wegglijden, terwijl de verschillende kleuren je de mogelijkheid geven om een gepersonaliseerde look te cre\u00ebren die bij jouw stijl past.  Of je nu kiest voor \u00e9\u00e9n opvallend exemplaar of een reeks haken voor extra opbergruimte, de PAPERHANK wandhaken tillen dagelijkse organisatie naar een hoger niveau. Praktisch, stijlvol en ge\u00efnspireerd door de eenvoud van papieren vliegtuigen: ze nodigen je uit om opgeruimd te leven, met de rust die hoort bij een goed geordende ruimte.\" \/>\n<meta property=\"og:url\" content=\"https:\/\/hank.brussels\/nl\/product\/paperhank-muurhaak-blauw\/\" \/>\n<meta property=\"og:site_name\" content=\"Hank Brussels\" \/>\n<meta property=\"article:publisher\" content=\"https:\/\/www.facebook.com\/HankBrssls\/\" \/>\n<meta property=\"article:modified_time\" content=\"2025-07-11T15:11:06+00:00\" \/>\n<meta property=\"og:image\" content=\"https:\/\/i0.wp.com\/hank.brussels\/wp-content\/uploads\/2023\/12\/INSITU_PPH.jpg?fit=920%2C1200&ssl=1\" \/>\n\t<meta property=\"og:image:width\" content=\"920\" \/>\n\t<meta property=\"og:image:height\" content=\"1200\" \/>\n\t<meta property=\"og:image:type\" content=\"image\/jpeg\" \/>\n<meta name=\"twitter:card\" content=\"summary_large_image\" \/>\n<script type=\"application\/ld+json\" class=\"yoast-schema-graph\">{\"@context\":\"https:\\\/\\\/schema.org\",\"@graph\":[{\"@type\":\"WebPage\",\"@id\":\"https:\\\/\\\/hank.brussels\\\/nl\\\/product\\\/paperhank-muurhaak-blauw\\\/\",\"url\":\"https:\\\/\\\/hank.brussels\\\/nl\\\/product\\\/paperhank-muurhaak-blauw\\\/\",\"name\":\"*APERHANK Muurhaak - blauw - Hank Brussels\",\"isPartOf\":{\"@id\":\"https:\\\/\\\/hank.brussels\\\/nl\\\/#website\"},\"primaryImageOfPage\":{\"@id\":\"https:\\\/\\\/hank.brussels\\\/nl\\\/product\\\/paperhank-muurhaak-blauw\\\/#primaryimage\"},\"image\":{\"@id\":\"https:\\\/\\\/hank.brussels\\\/nl\\\/product\\\/paperhank-muurhaak-blauw\\\/#primaryimage\"},\"thumbnailUrl\":\"https:\\\/\\\/hank.brussels\\\/wp-content\\\/uploads\\\/2023\\\/12\\\/INSITU_PPH.jpg\",\"datePublished\":\"2024-01-23T13:38:14+00:00\",\"dateModified\":\"2025-07-11T15:11:06+00:00\",\"breadcrumb\":{\"@id\":\"https:\\\/\\\/hank.brussels\\\/nl\\\/product\\\/paperhank-muurhaak-blauw\\\/#breadcrumb\"},\"inLanguage\":\"nl-NL\",\"potentialAction\":[{\"@type\":\"ReadAction\",\"target\":[\"https:\\\/\\\/hank.brussels\\\/nl\\\/product\\\/paperhank-muurhaak-blauw\\\/\"]}]},{\"@type\":\"ImageObject\",\"inLanguage\":\"nl-NL\",\"@id\":\"https:\\\/\\\/hank.brussels\\\/nl\\\/product\\\/paperhank-muurhaak-blauw\\\/#primaryimage\",\"url\":\"https:\\\/\\\/hank.brussels\\\/wp-content\\\/uploads\\\/2023\\\/12\\\/INSITU_PPH.jpg\",\"contentUrl\":\"https:\\\/\\\/hank.brussels\\\/wp-content\\\/uploads\\\/2023\\\/12\\\/INSITU_PPH.jpg\",\"width\":920,\"height\":1200,\"caption\":\"Stroomlijn uw ruimte met PAPERHANK muurhaken, net zo praktisch als speels, perfect voor een georganiseerd en stijlvol huis.\"},{\"@type\":\"BreadcrumbList\",\"@id\":\"https:\\\/\\\/hank.brussels\\\/nl\\\/product\\\/paperhank-muurhaak-blauw\\\/#breadcrumb\",\"itemListElement\":[{\"@type\":\"ListItem\",\"position\":1,\"name\":\"Home\",\"item\":\"https:\\\/\\\/hank.brussels\\\/nl\\\/\"},{\"@type\":\"ListItem\",\"position\":2,\"name\":\"Catalogus\",\"item\":\"https:\\\/\\\/hank.brussels\\\/nl\\\/catalogus-2\\\/\"},{\"@type\":\"ListItem\",\"position\":3,\"name\":\"*APERHANK Muurhaak &#8211; blauw\"}]},{\"@type\":\"WebSite\",\"@id\":\"https:\\\/\\\/hank.brussels\\\/nl\\\/#website\",\"url\":\"https:\\\/\\\/hank.brussels\\\/nl\\\/\",\"name\":\"Hank Brussels\",\"description\":\"Clean Skin. Dirty Mind. Since 2021.\",\"publisher\":{\"@id\":\"https:\\\/\\\/hank.brussels\\\/nl\\\/#organization\"},\"alternateName\":\"Hank\",\"potentialAction\":[{\"@type\":\"SearchAction\",\"target\":{\"@type\":\"EntryPoint\",\"urlTemplate\":\"https:\\\/\\\/hank.brussels\\\/nl\\\/?s={search_term_string}\"},\"query-input\":{\"@type\":\"PropertyValueSpecification\",\"valueRequired\":true,\"valueName\":\"search_term_string\"}}],\"inLanguage\":\"nl-NL\"},{\"@type\":\"Organization\",\"@id\":\"https:\\\/\\\/hank.brussels\\\/nl\\\/#organization\",\"name\":\"Hank Studio SNC\",\"alternateName\":\"Hank\",\"url\":\"https:\\\/\\\/hank.brussels\\\/nl\\\/\",\"logo\":{\"@type\":\"ImageObject\",\"inLanguage\":\"nl-NL\",\"@id\":\"https:\\\/\\\/hank.brussels\\\/nl\\\/#\\\/schema\\\/logo\\\/image\\\/\",\"url\":\"https:\\\/\\\/hank.brussels\\\/wp-content\\\/uploads\\\/2023\\\/10\\\/Fichier-4.svg\",\"contentUrl\":\"https:\\\/\\\/hank.brussels\\\/wp-content\\\/uploads\\\/2023\\\/10\\\/Fichier-4.svg\",\"width\":295,\"height\":295,\"caption\":\"Hank Studio SNC\"},\"image\":{\"@id\":\"https:\\\/\\\/hank.brussels\\\/nl\\\/#\\\/schema\\\/logo\\\/image\\\/\"},\"sameAs\":[\"https:\\\/\\\/www.facebook.com\\\/HankBrssls\\\/\",\"https:\\\/\\\/www.instagram.com\\\/hank.brussels\\\/\"],\"description\":\"Hank is a creative studio and brand based in Brussels. We offer eco-friendly et thoughtful objects for your everyday life.\",\"email\":\"hello@hank.brussels\",\"telephone\":\"+32 488 24 68 58\",\"legalName\":\"Hank Studio SNC\",\"foundingDate\":\"2021-05-21\",\"vatID\":\"BE0768986306\",\"taxID\":\"0768986306\",\"numberOfEmployees\":{\"@type\":\"QuantitativeValue\",\"minValue\":\"1\",\"maxValue\":\"10\"}}]}<\/script>\n<!-- \/ Yoast SEO Premium plugin. -->","yoast_head_json":{"title":"*APERHANK Muurhaak - blauw - Hank Brussels","robots":{"index":"index","follow":"follow","max-snippet":"max-snippet:-1","max-image-preview":"max-image-preview:large","max-video-preview":"max-video-preview:-1"},"canonical":"https:\/\/hank.brussels\/nl\/product\/paperhank-muurhaak-blauw\/","og_locale":"nl_NL","og_type":"article","og_title":"*APERHANK Muurhaak - blauw","og_description":"Ge\u00efnspireerd door de aerodynamische vorm van de \u2018paperang\u2019, bieden deze haken een slimme oplossing om kleding, accessoires en meer eenvoudig en stijlvol op te hangen. De PAPERHANK-haken zijn niet zomaar een functioneel object; dankzij hun gedurfde kleuren en strakke vorm voegen ze een artistiek accent toe aan je interieur. Hun doordachte ontwerp zorgt ervoor dat je spullen stevig blijven hangen zonder risico op wegglijden, terwijl de verschillende kleuren je de mogelijkheid geven om een gepersonaliseerde look te cre\u00ebren die bij jouw stijl past.  Of je nu kiest voor \u00e9\u00e9n opvallend exemplaar of een reeks haken voor extra opbergruimte, de PAPERHANK wandhaken tillen dagelijkse organisatie naar een hoger niveau. Praktisch, stijlvol en ge\u00efnspireerd door de eenvoud van papieren vliegtuigen: ze nodigen je uit om opgeruimd te leven, met de rust die hoort bij een goed geordende ruimte.","og_url":"https:\/\/hank.brussels\/nl\/product\/paperhank-muurhaak-blauw\/","og_site_name":"Hank Brussels","article_publisher":"https:\/\/www.facebook.com\/HankBrssls\/","article_modified_time":"2025-07-11T15:11:06+00:00","og_image":[{"width":920,"height":1200,"url":"https:\/\/i0.wp.com\/hank.brussels\/wp-content\/uploads\/2023\/12\/INSITU_PPH.jpg?fit=920%2C1200&ssl=1","type":"image\/jpeg"}],"twitter_card":"summary_large_image","schema":{"@context":"https:\/\/schema.org","@graph":[{"@type":"WebPage","@id":"https:\/\/hank.brussels\/nl\/product\/paperhank-muurhaak-blauw\/","url":"https:\/\/hank.brussels\/nl\/product\/paperhank-muurhaak-blauw\/","name":"*APERHANK Muurhaak - blauw - Hank Brussels","isPartOf":{"@id":"https:\/\/hank.brussels\/nl\/#website"},"primaryImageOfPage":{"@id":"https:\/\/hank.brussels\/nl\/product\/paperhank-muurhaak-blauw\/#primaryimage"},"image":{"@id":"https:\/\/hank.brussels\/nl\/product\/paperhank-muurhaak-blauw\/#primaryimage"},"thumbnailUrl":"https:\/\/hank.brussels\/wp-content\/uploads\/2023\/12\/INSITU_PPH.jpg","datePublished":"2024-01-23T13:38:14+00:00","dateModified":"2025-07-11T15:11:06+00:00","breadcrumb":{"@id":"https:\/\/hank.brussels\/nl\/product\/paperhank-muurhaak-blauw\/#breadcrumb"},"inLanguage":"nl-NL","potentialAction":[{"@type":"ReadAction","target":["https:\/\/hank.brussels\/nl\/product\/paperhank-muurhaak-blauw\/"]}]},{"@type":"ImageObject","inLanguage":"nl-NL","@id":"https:\/\/hank.brussels\/nl\/product\/paperhank-muurhaak-blauw\/#primaryimage","url":"https:\/\/hank.brussels\/wp-content\/uploads\/2023\/12\/INSITU_PPH.jpg","contentUrl":"https:\/\/hank.brussels\/wp-content\/uploads\/2023\/12\/INSITU_PPH.jpg","width":920,"height":1200,"caption":"Stroomlijn uw ruimte met PAPERHANK muurhaken, net zo praktisch als speels, perfect voor een georganiseerd en stijlvol huis."},{"@type":"BreadcrumbList","@id":"https:\/\/hank.brussels\/nl\/product\/paperhank-muurhaak-blauw\/#breadcrumb","itemListElement":[{"@type":"ListItem","position":1,"name":"Home","item":"https:\/\/hank.brussels\/nl\/"},{"@type":"ListItem","position":2,"name":"Catalogus","item":"https:\/\/hank.brussels\/nl\/catalogus-2\/"},{"@type":"ListItem","position":3,"name":"*APERHANK Muurhaak &#8211; blauw"}]},{"@type":"WebSite","@id":"https:\/\/hank.brussels\/nl\/#website","url":"https:\/\/hank.brussels\/nl\/","name":"Hank Brussels","description":"Clean Skin. Dirty Mind. Since 2021.","publisher":{"@id":"https:\/\/hank.brussels\/nl\/#organization"},"alternateName":"Hank","potentialAction":[{"@type":"SearchAction","target":{"@type":"EntryPoint","urlTemplate":"https:\/\/hank.brussels\/nl\/?s={search_term_string}"},"query-input":{"@type":"PropertyValueSpecification","valueRequired":true,"valueName":"search_term_string"}}],"inLanguage":"nl-NL"},{"@type":"Organization","@id":"https:\/\/hank.brussels\/nl\/#organization","name":"Hank Studio SNC","alternateName":"Hank","url":"https:\/\/hank.brussels\/nl\/","logo":{"@type":"ImageObject","inLanguage":"nl-NL","@id":"https:\/\/hank.brussels\/nl\/#\/schema\/logo\/image\/","url":"https:\/\/hank.brussels\/wp-content\/uploads\/2023\/10\/Fichier-4.svg","contentUrl":"https:\/\/hank.brussels\/wp-content\/uploads\/2023\/10\/Fichier-4.svg","width":295,"height":295,"caption":"Hank Studio SNC"},"image":{"@id":"https:\/\/hank.brussels\/nl\/#\/schema\/logo\/image\/"},"sameAs":["https:\/\/www.facebook.com\/HankBrssls\/","https:\/\/www.instagram.com\/hank.brussels\/"],"description":"Hank is a creative studio and brand based in Brussels. We offer eco-friendly et thoughtful objects for your everyday life.","email":"hello@hank.brussels","telephone":"+32 488 24 68 58","legalName":"Hank Studio SNC","foundingDate":"2021-05-21","vatID":"BE0768986306","taxID":"0768986306","numberOfEmployees":{"@type":"QuantitativeValue","minValue":"1","maxValue":"10"}}]}},"_links":{"self":[{"href":"https:\/\/hank.brussels\/nl\/wp-json\/wp\/v2\/product\/3314","targetHints":{"allow":["GET"]}}],"collection":[{"href":"https:\/\/hank.brussels\/nl\/wp-json\/wp\/v2\/product"}],"about":[{"href":"https:\/\/hank.brussels\/nl\/wp-json\/wp\/v2\/types\/product"}],"replies":[{"embeddable":true,"href":"https:\/\/hank.brussels\/nl\/wp-json\/wp\/v2\/comments?post=3314"}],"version-history":[{"count":0,"href":"https:\/\/hank.brussels\/nl\/wp-json\/wp\/v2\/product\/3314\/revisions"}],"wp:featuredmedia":[{"embeddable":true,"href":"https:\/\/hank.brussels\/nl\/wp-json\/wp\/v2\/media\/3168"}],"wp:attachment":[{"href":"https:\/\/hank.brussels\/nl\/wp-json\/wp\/v2\/media?parent=3314"}],"wp:term":[{"taxonomy":"brand","embeddable":true,"href":"https:\/\/hank.brussels\/nl\/wp-json\/wp\/v2\/etheme_brands?post=3314"},{"taxonomy":"product_brand","embeddable":true,"href":"https:\/\/hank.brussels\/nl\/wp-json\/wp\/v2\/product_brand?post=3314"},{"taxonomy":"product_cat","embeddable":true,"href":"https:\/\/hank.brussels\/nl\/wp-json\/wp\/v2\/product_cat?post=3314"},{"taxonomy":"product_tag","embeddable":true,"href":"https:\/\/hank.brussels\/nl\/wp-json\/wp\/v2\/product_tag?post=3314"}],"curies":[{"name":"wp","href":"https:\/\/api.w.org\/{rel}","templated":true}]}}